{"id":13365,"date":"2015-09-16T11:58:47","date_gmt":"2015-09-16T11:58:47","guid":{"rendered":"http:\/\/usiarosia.pl\/hu\/?page_id=13365"},"modified":"2015-09-16T11:58:47","modified_gmt":"2015-09-16T11:58:47","slug":"arjegyzek","status":"publish","type":"page","link":"http:\/\/usiarosia.pl\/hu\/arjegyzek\/","title":{"rendered":"\u00c1rjegyz\u00e9k"},"content":{"rendered":"<div class=\"fusion-fullwidth fullwidth-box fusion-parallax-none\" style=\"border-color:#eae9e9;border-bottom-width: 0px;border-top-width: 0px;border-bottom-style: solid;border-top-style: solid;padding-bottom:20px;padding-left:0px;padding-right:0px;padding-top:20px;background-position:left top;background-repeat:no-repeat;-webkit-background-size:cover;-moz-background-size:cover;-o-background-size:cover;background-size:cover;\"><div class=\"fusion-row\"><p><strong>Willa u Siarosia \u2013 sz\u00e1ll\u00e1s k\u00f6lts\u00e9ge<\/strong><\/p>\n<p><span lang=\"hu-HU\">A szoba\u00e1r szem\u00e9lyenk\u00e9nt \u00e9rtend\u0151 \u00e9s az al\u00e1bbiak szerint alakul:<\/span><\/p>\n<ul>\n<li><span lang=\"hu-HU\">feln\u0151tt szem\u00e9ly maximum 5 napos sz\u00e1ll\u00e1s k\u00f6lts\u00e9ge 50 PLN\/nap <\/span><\/li>\n<li><span lang=\"hu-HU\">feln\u0151tt szem\u00e9ly 2-\u00e1gyas szob\u00e1ban \u2013 50 PLN\/nap <\/span><\/li>\n<li><span lang=\"hu-HU\">gyermek maximum 5 napos sz\u00e1ll\u00e1s k\u00f6lts\u00e9ge \u2013 35 PLN\/nap, <\/span><\/li>\n<li><span lang=\"hu-HU\">5 napot meghalad\u00f3 sz\u00e1ll\u00e1s k\u00f6lts\u00e9ge feln\u0151tt eset\u00e9n \u00a040 PLN\/nap \u00e9s gyermek eset\u00e9n 25 PLN\/nap <\/span><\/li>\n<li><span lang=\"hu-HU\">kis- \u00e9s k\u00f6zepes termet\u0171 kutya tart\u00f3zkod\u00e1sa 5 PLN \/nap , nagy termet\u0171 kutya 10 PLN\/nap (az \u00e1r mag\u00e1ban foglalja gondoz\u00e1st a gazdi t\u00e1voll\u00e9t\u00e9ben, pl. s\u00e9t\u00e1ltat\u00e1st) <\/span><\/li>\n<li><span lang=\"hu-HU\">gyerekek 4 \u00e9ves korig ingyen vagy ha k\u00fcl\u00f6n \u00e1gyban aludnak \u2013 20 PLN\/nap <\/span><\/li>\n<li><span lang=\"hu-HU\">15 \u00e9ves gyermek feln\u0151tt \u00e1rat fizet <\/span><\/li>\n<\/ul>\n<p align=\"JUSTIFY\"><span lang=\"hu-HU\">K\u00e9rem, gondolj\u00e1k \u00e1t a szobafoglal\u00e1st, mert a tart\u00f3zkod\u00e1suk ler\u00f6vid\u00edt\u00e9se eset\u00e9n a sz\u00e1ll\u00e1sd\u00edj v\u00e1ltozatlan marad.<\/span><\/p>\n<p><span lang=\"hu-HU\">A banksz\u00e1ml\u00e1nkra \u00e1tutalt foglal\u00f3 vissza nem t\u00e9r\u00edtend\u0151.<\/span><\/p>\n<p><span lang=\"hu-HU\">Csal\u00e1di tart\u00f3zkod\u00e1s eset\u00e9n \u2013 sz\u00fcl\u0151k i\u00a0 3 gyermek, amib\u0151l az egyik 15 \u00e9ves \u2013 a 15 \u00e9v al\u00f3li gyermeknek sz\u00e1m\u00edt.<\/span><\/p>\n<p><strong><span lang=\"hu-HU\">A sz\u00e1ll\u00e1s \u00e1ra mag\u00e1ban foglalja az ingyen te\u00e1t \u00e9s k\u00e1v\u00e9t, illetve az idegenforgalmi ad\u00f3t is<\/span><\/strong><span lang=\"hu-HU\">.<\/span><\/p>\n<p><span lang=\"hu-HU\">A gyermekek rendelkez\u00e9s\u00e9re \u00e1llnak puzzle, k\u00f6nyvek, j\u00e1t\u00e9kok, t\u00e1bl\u00e1s j\u00e1t\u00e9kok, valamint \u00e1llatok \u00e9s m\u00e1s gyermekek t\u00e1rsas\u00e1ga. Ny\u00e1ron \u00e9s t\u00e9len ig\u00e9nybe vehetik a kertet \u00e9s a j\u00e1tsz\u00f3teret.<\/span><\/p>\n<p><span lang=\"hu-HU\">A feln\u0151ttek ig\u00e9nybe vehetik a k\u00f6nyvt\u00e1runkat, pihenhetnek a kandall\u00f3s nappaliban vagy a friss leveg\u0151n. Szeretettel v\u00e1rjuk \u00d6n\u00f6ket egy k\u00f6z\u00f6s besz\u00e9lget\u00e9sre vagy zenehallgat\u00e1sra, de ak\u00e1r sz\u00e1m\u00edt\u00f3g\u00e9pez\u00e9sre is.<\/span><\/p>\n<p><span lang=\"hu-HU\">Szezonon k\u00edv\u00fcl \u00e9s k\u00fcl\u00f6nleges id\u0151szakban (pl. szilveszterkor) az \u00e1rak v\u00e1ltoznak.<br \/>\nSzervezett csoportokat fogadunk.<\/span><\/p>\n<p><strong><span lang=\"hu-HU\">A szob\u00e1kat \u00e9rkez\u00e9s napj\u00e1n legkor\u00e1bban 14 \u00f3r\u00e1kor lehet elfoglalni, t\u00e1voz\u00e1s napj\u00e1n <\/span><\/strong><span lang=\"hu-HU\">11 \u00f3r\u00e1ig kell elhagyni<\/span><strong><span lang=\"hu-HU\">.<\/span><\/strong><span lang=\"hu-HU\"> K\u00e9rem, jelezz\u00e9k telefonon az \u00e9rkez\u00e9s id\u0151pontj\u00e1t.<\/span><\/p>\n<p><strong><span lang=\"hu-HU\">K\u00e9rem, hogy a foglal\u00f3t a megadott banksz\u00e1ml\u00e1nkra sz\u00edveskedjenek \u00e1tutalni. Az \u00e1tutal\u00e1s k\u00f6zlem\u00e9ny rovat\u00e1ban k\u00e9rem a szobafoglal\u00e1st v\u00e9gz\u0151 szem\u00e9ly adatainak (vezet\u00e9k- \u00e9s ut\u00f3n\u00e9v, lakc\u00edm) megad\u00e1s\u00e1t.<\/span><\/strong><\/p>\n<p><strong><span lang=\"hu-HU\">A foglal\u00f3 banksz\u00e1ml\u00e1nkon t\u00f6rt\u00e9n\u0151 j\u00f3v\u00e1\u00edr\u00e1s\u00e1r\u00f3l email \u00faton vagy telefonon \u00e9rtes\u00edtem \u00d6n\u00f6ket.<\/span><\/strong><\/p>\n<p align=\"JUSTIFY\"><span lang=\"hu-HU\">ING Bank Slaski S.A \u00a0 SWIFT: INGBPLPWnr. ;PL- 14 1050 1474 1000 0090 6731 4816, Firma Us\u0142ugowa Jacek N\u0119dza<br \/>\nA kapcsolattart\u00e1s prefer\u00e1lt m\u00f3dja az e-mail: nedza.private@op.pl vagy a telefon: 669718085 sz\u00e1mon<\/span><\/p>\n<p align=\"JUSTIFY\"><span lang=\"hu-HU\">SZERETETTEL V\u00c1RJUK \u00d6N\u00d6KET!<br \/>\nK\u00e9rem, gondolj\u00e1k \u00e1t a szobafoglal\u00e1st, mert a tart\u00f3zkod\u00e1suk ler\u00f6vid\u00edt\u00e9se eset\u00e9n a sz\u00e1ll\u00e1sd\u00edj v\u00e1ltozatlan marad.<\/span><\/p>\n<p>\u00a0<\/p>\n<\/div><\/div>\n","protected":false},"excerpt":{"rendered":"","protected":false},"author":2,"featured_media":0,"parent":0,"menu_order":0,"comment_status":"open","ping_status":"open","template":"100-width.php","meta":{"ngg_post_thumbnail":0,"spay_email":""},"jetpack_sharing_enabled":true,"jetpack_shortlink":"https:\/\/wp.me\/P67Dl8-3tz","_links":{"self":[{"href":"http:\/\/usiarosia.pl\/hu\/wp-json\/wp\/v2\/pages\/13365"}],"collection":[{"href":"http:\/\/usiarosia.pl\/hu\/wp-json\/wp\/v2\/pages"}],"about":[{"href":"http:\/\/usiarosia.pl\/hu\/wp-json\/wp\/v2\/types\/page"}],"author":[{"embeddable":true,"href":"http:\/\/usiarosia.pl\/hu\/wp-json\/wp\/v2\/users\/2"}],"replies":[{"embeddable":true,"href":"http:\/\/usiarosia.pl\/hu\/wp-json\/wp\/v2\/comments?post=13365"}],"version-history":[{"count":1,"href":"http:\/\/usiarosia.pl\/hu\/wp-json\/wp\/v2\/pages\/13365\/revisions"}],"predecessor-version":[{"id":13366,"href":"http:\/\/usiarosia.pl\/hu\/wp-json\/wp\/v2\/pages\/13365\/revisions\/13366"}],"wp:attachment":[{"href":"http:\/\/usiarosia.pl\/hu\/wp-json\/wp\/v2\/media?parent=13365"}],"curies":[{"name":"wp","href":"https:\/\/api.w.org\/{rel}","templated":true}]}}