{"id":13355,"date":"2015-09-16T11:45:31","date_gmt":"2015-09-16T11:45:31","guid":{"rendered":"http:\/\/usiarosia.pl\/hu\/?page_id=13355"},"modified":"2015-09-16T11:45:31","modified_gmt":"2015-09-16T11:45:31","slug":"attrakciok","status":"publish","type":"page","link":"http:\/\/usiarosia.pl\/hu\/attrakciok\/","title":{"rendered":"Attrakci\u00f3k"},"content":{"rendered":"<div class=\"fusion-fullwidth fullwidth-box fusion-parallax-none\" style=\"border-color:#eae9e9;border-bottom-width: 0px;border-top-width: 0px;border-bottom-style: solid;border-top-style: solid;padding-bottom:20px;padding-left:0px;padding-right:0px;padding-top:20px;background-position:left top;background-repeat:no-repeat;-webkit-background-size:cover;-moz-background-size:cover;-o-background-size:cover;background-size:cover;\"><div class=\"fusion-row\">\n\t\t<style type=\"text\/css\">\n\t\t\t#gallery-1 {\n\t\t\t\tmargin: auto;\n\t\t\t}\n\t\t\t#gallery-1 .gallery-item {\n\t\t\t\tfloat: left;\n\t\t\t\tmargin-top: 10px;\n\t\t\t\ttext-align: center;\n\t\t\t\twidth: 50%;\n\t\t\t}\n\t\t\t#gallery-1 img {\n\t\t\t\tborder: 2px solid #cfcfcf;\n\t\t\t}\n\t\t\t#gallery-1 .gallery-caption {\n\t\t\t\tmargin-left: 0;\n\t\t\t}\n\t\t\t\/* see gallery_shortcode() in wp-includes\/media.php *\/\n\t\t<\/style>\n\t\t<div id='gallery-1' class='gallery galleryid-13355 gallery-columns-2 gallery-size-large'><dl class='gallery-item'>\n\t\t\t<dt class='gallery-icon landscape'>\n\t\t\t\t<a rel=\"prettyPhoto[postimages]\" href='http:\/\/usiarosia.pl\/wp-content\/uploads\/2015\/04\/P1000402.jpg'><img width=\"669\" height=\"502\" src=\"http:\/\/usiarosia.pl\/wp-content\/uploads\/2015\/04\/P1000402-1024x768.jpg\" class=\"attachment-large size-large\" alt=\"\" decoding=\"async\" loading=\"lazy\" srcset=\"http:\/\/usiarosia.pl\/wp-content\/uploads\/2015\/04\/P1000402-1024x768.jpg 1024w, http:\/\/usiarosia.pl\/wp-content\/uploads\/2015\/04\/P1000402-300x225.jpg 300w\" sizes=\"(max-width: 669px) 100vw, 669px\" \/><\/a>\n\t\t\t<\/dt><\/dl><dl class='gallery-item'>\n\t\t\t<dt class='gallery-icon landscape'>\n\t\t\t\t<a rel=\"prettyPhoto[postimages]\" href='http:\/\/usiarosia.pl\/wp-content\/uploads\/2015\/04\/P1000544.jpg'><img width=\"669\" height=\"502\" src=\"http:\/\/usiarosia.pl\/wp-content\/uploads\/2015\/04\/P1000544-1024x768.jpg\" class=\"attachment-large size-large\" alt=\"\" decoding=\"async\" loading=\"lazy\" srcset=\"http:\/\/usiarosia.pl\/wp-content\/uploads\/2015\/04\/P1000544-1024x768.jpg 1024w, http:\/\/usiarosia.pl\/wp-content\/uploads\/2015\/04\/P1000544-300x225.jpg 300w\" sizes=\"(max-width: 669px) 100vw, 669px\" \/><\/a>\n\t\t\t<\/dt><\/dl><br style=\"clear: both\" \/><dl class='gallery-item'>\n\t\t\t<dt class='gallery-icon landscape'>\n\t\t\t\t<a rel=\"prettyPhoto[postimages]\" href='http:\/\/usiarosia.pl\/wp-content\/uploads\/2015\/04\/P1000547.jpg'><img width=\"669\" height=\"502\" src=\"http:\/\/usiarosia.pl\/wp-content\/uploads\/2015\/04\/P1000547-1024x768.jpg\" class=\"attachment-large size-large\" alt=\"\" decoding=\"async\" loading=\"lazy\" srcset=\"http:\/\/usiarosia.pl\/wp-content\/uploads\/2015\/04\/P1000547-1024x768.jpg 1024w, http:\/\/usiarosia.pl\/wp-content\/uploads\/2015\/04\/P1000547-300x225.jpg 300w\" sizes=\"(max-width: 669px) 100vw, 669px\" \/><\/a>\n\t\t\t<\/dt><\/dl><dl class='gallery-item'>\n\t\t\t<dt class='gallery-icon landscape'>\n\t\t\t\t<a rel=\"prettyPhoto[postimages]\" href='http:\/\/usiarosia.pl\/wp-content\/uploads\/2015\/04\/P1000928.jpg'><img width=\"669\" height=\"502\" src=\"http:\/\/usiarosia.pl\/wp-content\/uploads\/2015\/04\/P1000928-1024x768.jpg\" class=\"attachment-large size-large\" alt=\"\" decoding=\"async\" loading=\"lazy\" srcset=\"http:\/\/usiarosia.pl\/wp-content\/uploads\/2015\/04\/P1000928-1024x768.jpg 1024w, http:\/\/usiarosia.pl\/wp-content\/uploads\/2015\/04\/P1000928-300x225.jpg 300w\" sizes=\"(max-width: 669px) 100vw, 669px\" \/><\/a>\n\t\t\t<\/dt><\/dl><br style=\"clear: both\" \/><dl class='gallery-item'>\n\t\t\t<dt class='gallery-icon landscape'>\n\t\t\t\t<a rel=\"prettyPhoto[postimages]\" href='http:\/\/usiarosia.pl\/wp-content\/uploads\/2015\/04\/P1000469.jpg'><img width=\"669\" height=\"502\" src=\"http:\/\/usiarosia.pl\/wp-content\/uploads\/2015\/04\/P1000469-1024x768.jpg\" class=\"attachment-large size-large\" alt=\"\" decoding=\"async\" loading=\"lazy\" srcset=\"http:\/\/usiarosia.pl\/wp-content\/uploads\/2015\/04\/P1000469-1024x768.jpg 1024w, http:\/\/usiarosia.pl\/wp-content\/uploads\/2015\/04\/P1000469-300x225.jpg 300w\" sizes=\"(max-width: 669px) 100vw, 669px\" \/><\/a>\n\t\t\t<\/dt><\/dl><dl class='gallery-item'>\n\t\t\t<dt class='gallery-icon landscape'>\n\t\t\t\t<a rel=\"prettyPhoto[postimages]\" href='http:\/\/usiarosia.pl\/wp-content\/uploads\/2015\/04\/willa_z_zewnatrz_27.jpg'><img width=\"669\" height=\"446\" src=\"http:\/\/usiarosia.pl\/wp-content\/uploads\/2015\/04\/willa_z_zewnatrz_27-1024x683.jpg\" class=\"attachment-large size-large\" alt=\"\" decoding=\"async\" loading=\"lazy\" srcset=\"http:\/\/usiarosia.pl\/wp-content\/uploads\/2015\/04\/willa_z_zewnatrz_27-1024x683.jpg 1024w, http:\/\/usiarosia.pl\/wp-content\/uploads\/2015\/04\/willa_z_zewnatrz_27-300x200.jpg 300w\" sizes=\"(max-width: 669px) 100vw, 669px\" \/><\/a>\n\t\t\t<\/dt><\/dl><br style=\"clear: both\" \/><dl class='gallery-item'>\n\t\t\t<dt class='gallery-icon landscape'>\n\t\t\t\t<a rel=\"prettyPhoto[postimages]\" href='http:\/\/usiarosia.pl\/wp-content\/uploads\/2015\/04\/willa_z_zewnatrz_25.jpg'><img width=\"669\" height=\"446\" src=\"http:\/\/usiarosia.pl\/wp-content\/uploads\/2015\/04\/willa_z_zewnatrz_25-1024x683.jpg\" class=\"attachment-large size-large\" alt=\"\" decoding=\"async\" loading=\"lazy\" srcset=\"http:\/\/usiarosia.pl\/wp-content\/uploads\/2015\/04\/willa_z_zewnatrz_25-1024x683.jpg 1024w, http:\/\/usiarosia.pl\/wp-content\/uploads\/2015\/04\/willa_z_zewnatrz_25-300x200.jpg 300w\" sizes=\"(max-width: 669px) 100vw, 669px\" \/><\/a>\n\t\t\t<\/dt><\/dl>\n\t\t\t<br style='clear: both' \/>\n\t\t<\/div>\n\n<div>A panzi\u00f3b\u00f3l a Nyugati T\u00e1tra gy\u00f6ny\u00f6r\u0171 panor\u00e1m\u00e1ja l\u00e1that\u00f3, Giewonttal, V\u00f6r\u00f6s-hegyekkel K\u00e9m\u00e9nyes-heggyel. A kert\u00fcnk nemcsak a j\u00e1t\u00e9k \u00e9s a kikapcsol\u00f3d\u00e1s t\u00f6k\u00e9letes helye, de nagyszer\u0171 kil\u00e1t\u00f3 is, mely lehet\u0151v\u00e9 teszi a t\u00e1trai id\u0151j\u00e1r\u00e1s v\u00e1ltoz\u00e1sainak figyel\u00e9s\u00e9t. A h\u00e1zunk k\u00f6zvetlen k\u00f6zel\u00e9ben fut\u00f3 utak tal\u00e1lhat\u00f3k \u2013 igazi \u00f6r\u00f6m a s\u00edfut\u00f3k sz\u00e1m\u00e1ra.<\/div>\n<\/div><\/div>\n","protected":false},"excerpt":{"rendered":"","protected":false},"author":2,"featured_media":0,"parent":0,"menu_order":0,"comment_status":"open","ping_status":"open","template":"100-width.php","meta":{"ngg_post_thumbnail":0,"spay_email":""},"jetpack_sharing_enabled":true,"jetpack_shortlink":"https:\/\/wp.me\/P67Dl8-3tp","_links":{"self":[{"href":"http:\/\/usiarosia.pl\/hu\/wp-json\/wp\/v2\/pages\/13355"}],"collection":[{"href":"http:\/\/usiarosia.pl\/hu\/wp-json\/wp\/v2\/pages"}],"about":[{"href":"http:\/\/usiarosia.pl\/hu\/wp-json\/wp\/v2\/types\/page"}],"author":[{"embeddable":true,"href":"http:\/\/usiarosia.pl\/hu\/wp-json\/wp\/v2\/users\/2"}],"replies":[{"embeddable":true,"href":"http:\/\/usiarosia.pl\/hu\/wp-json\/wp\/v2\/comments?post=13355"}],"version-history":[{"count":1,"href":"http:\/\/usiarosia.pl\/hu\/wp-json\/wp\/v2\/pages\/13355\/revisions"}],"predecessor-version":[{"id":13356,"href":"http:\/\/usiarosia.pl\/hu\/wp-json\/wp\/v2\/pages\/13355\/revisions\/13356"}],"wp:attachment":[{"href":"http:\/\/usiarosia.pl\/hu\/wp-json\/wp\/v2\/media?parent=13355"}],"curies":[{"name":"wp","href":"https:\/\/api.w.org\/{rel}","templated":true}]}}