{"id":13342,"date":"2015-09-16T11:14:33","date_gmt":"2015-09-16T11:14:33","guid":{"rendered":"http:\/\/usiarosia.pl\/hu\/?page_id=13342"},"modified":"2015-10-01T07:42:34","modified_gmt":"2015-10-01T07:42:34","slug":"kueloen-haz","status":"publish","type":"page","link":"http:\/\/usiarosia.pl\/hu\/kueloen-haz\/","title":{"rendered":"K\u00fcl\u00f6n h\u00e1z"},"content":{"rendered":"<div class=\"fusion-fullwidth fullwidth-box fusion-parallax-none\" style=\"border-color:#eae9e9;border-bottom-width: 0px;border-top-width: 0px;border-bottom-style: solid;border-top-style: solid;padding-bottom:20px;padding-left:0px;padding-right:0px;padding-top:20px;background-position:left top;background-repeat:no-repeat;-webkit-background-size:cover;-moz-background-size:cover;-o-background-size:cover;background-size:cover;\"><div class=\"fusion-row\"><p>K\u00fcl\u00f6n, gor\u00e1l st\u00edlus\u00fa h\u00e1z kandall\u00f3val (4-5 f\u0151 r\u00e9sz\u00e9re).<\/p>\n<\/div><\/div><div class=\"fusion-fullwidth fullwidth-box fusion-parallax-none\" style=\"border-color:#eae9e9;border-bottom-width: 0px;border-top-width: 0px;border-bottom-style: solid;border-top-style: solid;padding-bottom:20px;padding-left:0px;padding-right:0px;padding-top:20px;background-position:left top;background-repeat:no-repeat;-webkit-background-size:cover;-moz-background-size:cover;-o-background-size:cover;background-size:cover;\"><div class=\"fusion-row\">\n\t\t<style type=\"text\/css\">\n\t\t\t#gallery-1 {\n\t\t\t\tmargin: auto;\n\t\t\t}\n\t\t\t#gallery-1 .gallery-item {\n\t\t\t\tfloat: left;\n\t\t\t\tmargin-top: 10px;\n\t\t\t\ttext-align: center;\n\t\t\t\twidth: 25%;\n\t\t\t}\n\t\t\t#gallery-1 img {\n\t\t\t\tborder: 2px solid #cfcfcf;\n\t\t\t}\n\t\t\t#gallery-1 .gallery-caption {\n\t\t\t\tmargin-left: 0;\n\t\t\t}\n\t\t\t\/* see gallery_shortcode() in wp-includes\/media.php *\/\n\t\t<\/style>\n\t\t<div id='gallery-1' class='gallery galleryid-13342 gallery-columns-4 gallery-size-thumbnail'><dl class='gallery-item'>\n\t\t\t<dt class='gallery-icon landscape'>\n\t\t\t\t<a rel=\"prettyPhoto[postimages]\" href='http:\/\/usiarosia.pl\/wp-content\/uploads\/2015\/04\/domek_17.jpg'><img width=\"150\" height=\"150\" src=\"http:\/\/usiarosia.pl\/wp-content\/uploads\/2015\/04\/domek_17-150x150.jpg\" class=\"attachment-thumbnail size-thumbnail\" alt=\"\" decoding=\"async\" loading=\"lazy\" srcset=\"http:\/\/usiarosia.pl\/wp-content\/uploads\/2015\/04\/domek_17-150x150.jpg 150w, http:\/\/usiarosia.pl\/wp-content\/uploads\/2015\/04\/domek_17-66x66.jpg 66w\" sizes=\"(max-width: 150px) 100vw, 150px\" \/><\/a>\n\t\t\t<\/dt><\/dl><dl class='gallery-item'>\n\t\t\t<dt class='gallery-icon landscape'>\n\t\t\t\t<a rel=\"prettyPhoto[postimages]\" href='http:\/\/usiarosia.pl\/wp-content\/uploads\/2015\/04\/domek_21.jpg'><img width=\"150\" height=\"150\" src=\"http:\/\/usiarosia.pl\/wp-content\/uploads\/2015\/04\/domek_21-150x150.jpg\" class=\"attachment-thumbnail size-thumbnail\" alt=\"\" decoding=\"async\" loading=\"lazy\" srcset=\"http:\/\/usiarosia.pl\/wp-content\/uploads\/2015\/04\/domek_21-150x150.jpg 150w, http:\/\/usiarosia.pl\/wp-content\/uploads\/2015\/04\/domek_21-66x66.jpg 66w\" sizes=\"(max-width: 150px) 100vw, 150px\" \/><\/a>\n\t\t\t<\/dt><\/dl><dl class='gallery-item'>\n\t\t\t<dt class='gallery-icon landscape'>\n\t\t\t\t<a rel=\"prettyPhoto[postimages]\" href='http:\/\/usiarosia.pl\/wp-content\/uploads\/2015\/04\/domek_31.jpg'><img width=\"150\" height=\"150\" src=\"http:\/\/usiarosia.pl\/wp-content\/uploads\/2015\/04\/domek_31-150x150.jpg\" class=\"attachment-thumbnail size-thumbnail\" alt=\"\" decoding=\"async\" loading=\"lazy\" srcset=\"http:\/\/usiarosia.pl\/wp-content\/uploads\/2015\/04\/domek_31-150x150.jpg 150w, http:\/\/usiarosia.pl\/wp-content\/uploads\/2015\/04\/domek_31-66x66.jpg 66w\" sizes=\"(max-width: 150px) 100vw, 150px\" \/><\/a>\n\t\t\t<\/dt><\/dl><dl class='gallery-item'>\n\t\t\t<dt class='gallery-icon portrait'>\n\t\t\t\t<a rel=\"prettyPhoto[postimages]\" href='http:\/\/usiarosia.pl\/wp-content\/uploads\/2015\/04\/domek_41.jpg'><img width=\"150\" height=\"150\" src=\"http:\/\/usiarosia.pl\/wp-content\/uploads\/2015\/04\/domek_41-150x150.jpg\" class=\"attachment-thumbnail size-thumbnail\" alt=\"\" decoding=\"async\" loading=\"lazy\" srcset=\"http:\/\/usiarosia.pl\/wp-content\/uploads\/2015\/04\/domek_41-150x150.jpg 150w, http:\/\/usiarosia.pl\/wp-content\/uploads\/2015\/04\/domek_41-66x66.jpg 66w\" sizes=\"(max-width: 150px) 100vw, 150px\" \/><\/a>\n\t\t\t<\/dt><\/dl><br style=\"clear: both\" \/><dl class='gallery-item'>\n\t\t\t<dt class='gallery-icon landscape'>\n\t\t\t\t<a rel=\"prettyPhoto[postimages]\" href='http:\/\/usiarosia.pl\/wp-content\/uploads\/2015\/04\/domek_51.jpg'><img width=\"150\" height=\"150\" src=\"http:\/\/usiarosia.pl\/wp-content\/uploads\/2015\/04\/domek_51-150x150.jpg\" class=\"attachment-thumbnail size-thumbnail\" alt=\"\" decoding=\"async\" loading=\"lazy\" srcset=\"http:\/\/usiarosia.pl\/wp-content\/uploads\/2015\/04\/domek_51-150x150.jpg 150w, http:\/\/usiarosia.pl\/wp-content\/uploads\/2015\/04\/domek_51-66x66.jpg 66w\" sizes=\"(max-width: 150px) 100vw, 150px\" \/><\/a>\n\t\t\t<\/dt><\/dl><dl class='gallery-item'>\n\t\t\t<dt class='gallery-icon landscape'>\n\t\t\t\t<a rel=\"prettyPhoto[postimages]\" href='http:\/\/usiarosia.pl\/wp-content\/uploads\/2015\/04\/domek_61.jpg'><img width=\"150\" height=\"150\" src=\"http:\/\/usiarosia.pl\/wp-content\/uploads\/2015\/04\/domek_61-150x150.jpg\" class=\"attachment-thumbnail size-thumbnail\" alt=\"\" decoding=\"async\" loading=\"lazy\" srcset=\"http:\/\/usiarosia.pl\/wp-content\/uploads\/2015\/04\/domek_61-150x150.jpg 150w, http:\/\/usiarosia.pl\/wp-content\/uploads\/2015\/04\/domek_61-66x66.jpg 66w\" sizes=\"(max-width: 150px) 100vw, 150px\" \/><\/a>\n\t\t\t<\/dt><\/dl><dl class='gallery-item'>\n\t\t\t<dt class='gallery-icon landscape'>\n\t\t\t\t<a rel=\"prettyPhoto[postimages]\" href='http:\/\/usiarosia.pl\/wp-content\/uploads\/2015\/04\/domek_71.jpg'><img width=\"150\" height=\"150\" src=\"http:\/\/usiarosia.pl\/wp-content\/uploads\/2015\/04\/domek_71-150x150.jpg\" class=\"attachment-thumbnail size-thumbnail\" alt=\"\" decoding=\"async\" loading=\"lazy\" srcset=\"http:\/\/usiarosia.pl\/wp-content\/uploads\/2015\/04\/domek_71-150x150.jpg 150w, http:\/\/usiarosia.pl\/wp-content\/uploads\/2015\/04\/domek_71-66x66.jpg 66w\" sizes=\"(max-width: 150px) 100vw, 150px\" \/><\/a>\n\t\t\t<\/dt><\/dl><dl class='gallery-item'>\n\t\t\t<dt class='gallery-icon landscape'>\n\t\t\t\t<a rel=\"prettyPhoto[postimages]\" href='http:\/\/usiarosia.pl\/wp-content\/uploads\/2015\/04\/domek_81.jpg'><img width=\"150\" height=\"150\" src=\"http:\/\/usiarosia.pl\/wp-content\/uploads\/2015\/04\/domek_81-150x150.jpg\" class=\"attachment-thumbnail size-thumbnail\" alt=\"\" decoding=\"async\" loading=\"lazy\" srcset=\"http:\/\/usiarosia.pl\/wp-content\/uploads\/2015\/04\/domek_81-150x150.jpg 150w, http:\/\/usiarosia.pl\/wp-content\/uploads\/2015\/04\/domek_81-66x66.jpg 66w\" sizes=\"(max-width: 150px) 100vw, 150px\" \/><\/a>\n\t\t\t<\/dt><\/dl><br style=\"clear: both\" \/><dl class='gallery-item'>\n\t\t\t<dt class='gallery-icon landscape'>\n\t\t\t\t<a rel=\"prettyPhoto[postimages]\" href='http:\/\/usiarosia.pl\/wp-content\/uploads\/2015\/04\/domek_91.jpg'><img width=\"150\" height=\"150\" src=\"http:\/\/usiarosia.pl\/wp-content\/uploads\/2015\/04\/domek_91-150x150.jpg\" class=\"attachment-thumbnail size-thumbnail\" alt=\"\" decoding=\"async\" loading=\"lazy\" srcset=\"http:\/\/usiarosia.pl\/wp-content\/uploads\/2015\/04\/domek_91-150x150.jpg 150w, http:\/\/usiarosia.pl\/wp-content\/uploads\/2015\/04\/domek_91-66x66.jpg 66w\" sizes=\"(max-width: 150px) 100vw, 150px\" \/><\/a>\n\t\t\t<\/dt><\/dl><dl class='gallery-item'>\n\t\t\t<dt class='gallery-icon landscape'>\n\t\t\t\t<a rel=\"prettyPhoto[postimages]\" href='http:\/\/usiarosia.pl\/wp-content\/uploads\/2015\/04\/domek_101.jpg'><img width=\"150\" height=\"150\" src=\"http:\/\/usiarosia.pl\/wp-content\/uploads\/2015\/04\/domek_101-150x150.jpg\" class=\"attachment-thumbnail size-thumbnail\" alt=\"\" decoding=\"async\" loading=\"lazy\" srcset=\"http:\/\/usiarosia.pl\/wp-content\/uploads\/2015\/04\/domek_101-150x150.jpg 150w, http:\/\/usiarosia.pl\/wp-content\/uploads\/2015\/04\/domek_101-66x66.jpg 66w\" sizes=\"(max-width: 150px) 100vw, 150px\" \/><\/a>\n\t\t\t<\/dt><\/dl><dl class='gallery-item'>\n\t\t\t<dt class='gallery-icon landscape'>\n\t\t\t\t<a rel=\"prettyPhoto[postimages]\" href='http:\/\/usiarosia.pl\/wp-content\/uploads\/2015\/04\/domek_111.jpg'><img width=\"150\" height=\"150\" src=\"http:\/\/usiarosia.pl\/wp-content\/uploads\/2015\/04\/domek_111-150x150.jpg\" class=\"attachment-thumbnail size-thumbnail\" alt=\"\" decoding=\"async\" loading=\"lazy\" srcset=\"http:\/\/usiarosia.pl\/wp-content\/uploads\/2015\/04\/domek_111-150x150.jpg 150w, http:\/\/usiarosia.pl\/wp-content\/uploads\/2015\/04\/domek_111-66x66.jpg 66w\" sizes=\"(max-width: 150px) 100vw, 150px\" \/><\/a>\n\t\t\t<\/dt><\/dl><dl class='gallery-item'>\n\t\t\t<dt class='gallery-icon landscape'>\n\t\t\t\t<a rel=\"prettyPhoto[postimages]\" href='http:\/\/usiarosia.pl\/wp-content\/uploads\/2015\/04\/domek_121.jpg'><img width=\"150\" height=\"150\" src=\"http:\/\/usiarosia.pl\/wp-content\/uploads\/2015\/04\/domek_121-150x150.jpg\" class=\"attachment-thumbnail size-thumbnail\" alt=\"\" decoding=\"async\" loading=\"lazy\" srcset=\"http:\/\/usiarosia.pl\/wp-content\/uploads\/2015\/04\/domek_121-150x150.jpg 150w, http:\/\/usiarosia.pl\/wp-content\/uploads\/2015\/04\/domek_121-66x66.jpg 66w\" sizes=\"(max-width: 150px) 100vw, 150px\" \/><\/a>\n\t\t\t<\/dt><\/dl><br style=\"clear: both\" \/><dl class='gallery-item'>\n\t\t\t<dt class='gallery-icon landscape'>\n\t\t\t\t<a rel=\"prettyPhoto[postimages]\" href='http:\/\/usiarosia.pl\/wp-content\/uploads\/2015\/04\/domek_131.jpg'><img width=\"150\" height=\"150\" src=\"http:\/\/usiarosia.pl\/wp-content\/uploads\/2015\/04\/domek_131-150x150.jpg\" class=\"attachment-thumbnail size-thumbnail\" alt=\"\" decoding=\"async\" loading=\"lazy\" srcset=\"http:\/\/usiarosia.pl\/wp-content\/uploads\/2015\/04\/domek_131-150x150.jpg 150w, http:\/\/usiarosia.pl\/wp-content\/uploads\/2015\/04\/domek_131-66x66.jpg 66w\" sizes=\"(max-width: 150px) 100vw, 150px\" \/><\/a>\n\t\t\t<\/dt><\/dl><dl class='gallery-item'>\n\t\t\t<dt class='gallery-icon landscape'>\n\t\t\t\t<a rel=\"prettyPhoto[postimages]\" href='http:\/\/usiarosia.pl\/wp-content\/uploads\/2015\/04\/domek_141.jpg'><img width=\"150\" height=\"150\" src=\"http:\/\/usiarosia.pl\/wp-content\/uploads\/2015\/04\/domek_141-150x150.jpg\" class=\"attachment-thumbnail size-thumbnail\" alt=\"\" decoding=\"async\" loading=\"lazy\" srcset=\"http:\/\/usiarosia.pl\/wp-content\/uploads\/2015\/04\/domek_141-150x150.jpg 150w, http:\/\/usiarosia.pl\/wp-content\/uploads\/2015\/04\/domek_141-66x66.jpg 66w\" sizes=\"(max-width: 150px) 100vw, 150px\" \/><\/a>\n\t\t\t<\/dt><\/dl><dl class='gallery-item'>\n\t\t\t<dt class='gallery-icon landscape'>\n\t\t\t\t<a rel=\"prettyPhoto[postimages]\" href='http:\/\/usiarosia.pl\/wp-content\/uploads\/2015\/04\/domek_151.jpg'><img width=\"150\" height=\"150\" src=\"http:\/\/usiarosia.pl\/wp-content\/uploads\/2015\/04\/domek_151-150x150.jpg\" class=\"attachment-thumbnail size-thumbnail\" alt=\"\" decoding=\"async\" loading=\"lazy\" srcset=\"http:\/\/usiarosia.pl\/wp-content\/uploads\/2015\/04\/domek_151-150x150.jpg 150w, http:\/\/usiarosia.pl\/wp-content\/uploads\/2015\/04\/domek_151-66x66.jpg 66w\" sizes=\"(max-width: 150px) 100vw, 150px\" \/><\/a>\n\t\t\t<\/dt><\/dl><dl class='gallery-item'>\n\t\t\t<dt class='gallery-icon landscape'>\n\t\t\t\t<a rel=\"prettyPhoto[postimages]\" href='http:\/\/usiarosia.pl\/wp-content\/uploads\/2015\/04\/domek_161.jpg'><img width=\"150\" height=\"150\" src=\"http:\/\/usiarosia.pl\/wp-content\/uploads\/2015\/04\/domek_161-150x150.jpg\" class=\"attachment-thumbnail size-thumbnail\" alt=\"\" decoding=\"async\" loading=\"lazy\" srcset=\"http:\/\/usiarosia.pl\/wp-content\/uploads\/2015\/04\/domek_161-150x150.jpg 150w, http:\/\/usiarosia.pl\/wp-content\/uploads\/2015\/04\/domek_161-66x66.jpg 66w\" sizes=\"(max-width: 150px) 100vw, 150px\" \/><\/a>\n\t\t\t<\/dt><\/dl><br style=\"clear: both\" \/>\n\t\t<\/div>\n\n<\/div><\/div>\n","protected":false},"excerpt":{"rendered":"","protected":false},"author":2,"featured_media":0,"parent":0,"menu_order":0,"comment_status":"open","ping_status":"open","template":"","meta":{"ngg_post_thumbnail":0,"spay_email":""},"jetpack_sharing_enabled":true,"jetpack_shortlink":"https:\/\/wp.me\/P67Dl8-3tc","_links":{"self":[{"href":"http:\/\/usiarosia.pl\/hu\/wp-json\/wp\/v2\/pages\/13342"}],"collection":[{"href":"http:\/\/usiarosia.pl\/hu\/wp-json\/wp\/v2\/pages"}],"about":[{"href":"http:\/\/usiarosia.pl\/hu\/wp-json\/wp\/v2\/types\/page"}],"author":[{"embeddable":true,"href":"http:\/\/usiarosia.pl\/hu\/wp-json\/wp\/v2\/users\/2"}],"replies":[{"embeddable":true,"href":"http:\/\/usiarosia.pl\/hu\/wp-json\/wp\/v2\/comments?post=13342"}],"version-history":[{"count":3,"href":"http:\/\/usiarosia.pl\/hu\/wp-json\/wp\/v2\/pages\/13342\/revisions"}],"predecessor-version":[{"id":13557,"href":"http:\/\/usiarosia.pl\/hu\/wp-json\/wp\/v2\/pages\/13342\/revisions\/13557"}],"wp:attachment":[{"href":"http:\/\/usiarosia.pl\/hu\/wp-json\/wp\/v2\/media?parent=13342"}],"curies":[{"name":"wp","href":"https:\/\/api.w.org\/{rel}","templated":true}]}}