{"id":13338,"date":"2015-09-16T11:07:43","date_gmt":"2015-09-16T11:07:43","guid":{"rendered":"http:\/\/usiarosia.pl\/hu\/?page_id=13338"},"modified":"2015-10-01T07:40:28","modified_gmt":"2015-10-01T07:40:28","slug":"8-apartman-2-szobabol","status":"publish","type":"page","link":"http:\/\/usiarosia.pl\/hu\/szobak\/8-apartman-2-szobabol\/","title":{"rendered":"8\u2013Apartman 2 szob\u00e1b\u00f3l \u00e1ll\u00f3 6-\u00e1gyas"},"content":{"rendered":"<div class=\"fusion-fullwidth fullwidth-box fusion-parallax-none\" style=\"border-color:#eae9e9;border-bottom-width: 0px;border-top-width: 0px;border-bottom-style: solid;border-top-style: solid;padding-bottom:20px;padding-left:0px;padding-right:0px;padding-top:20px;background-position:left top;background-repeat:no-repeat;-webkit-background-size:cover;-moz-background-size:cover;-o-background-size:cover;background-size:cover;\"><div class=\"fusion-row\"><div class=\"fusion-one-half fusion-layout-column fusion-spacing-yes\" style=\"margin-top:0px;margin-bottom:20px;\"><div class=\"fusion-column-wrapper\"><div class=\"imageframe-align-center\"><span class=\"fusion-imageframe imageframe-none imageframe-1\"> <img decoding=\"async\" src=\"http:\/\/usiarosia.pl\/wp-content\/uploads\/2015\/04\/08_pokoj_12.jpg\" alt=\"\" class=\"img-responsive\"\/><\/span><\/div><\/div><\/div><div class=\"fusion-one-half fusion-layout-column fusion-column-last fusion-spacing-yes\" style=\"margin-top:0px;margin-bottom:20px;\"><div class=\"fusion-column-wrapper\"><div class=\"table-2\">\n<table width=\"100%\">\n<thead>\n<tr>\n<th colspan=\"4\">8\u2013Apartman 2 szob\u00e1b\u00f3l \u00e1ll\u00f3 6-\u00e1gyas<\/th>\n<\/tr>\n<\/thead>\n<tbody>\n<tr>\n<td><strong>F\u0151<\/strong><\/td>\n<td>6<\/td>\n<\/tr>\n<tr>\n<td><strong>\u00c1gyak sz\u00e1ma<\/strong><\/td>\n<td>3<\/td>\n<\/tr>\n<tr>\n<td><strong>F\u00fcrd\u0151szoba<\/strong><\/td>\n<td>Igen<\/td>\n<\/tr>\n<tr>\n<td><strong>Konyhar\u00e9sz<\/strong><\/td>\n<td>Igen<\/td>\n<\/tr>\n<tr>\n<td><strong>Ter\u00fclet<\/strong><\/td>\n<td>45nm<\/td>\n<\/tr>\n<\/tbody>\n<\/table>\n<\/div>\n<\/div><\/div><div class=\"fusion-clearfix\"><\/div><\/div><\/div><div class=\"fusion-fullwidth fullwidth-box fusion-parallax-none\" style=\"border-color:#eae9e9;border-bottom-width: 0px;border-top-width: 0px;border-bottom-style: solid;border-top-style: solid;padding-bottom:20px;padding-left:0px;padding-right:0px;padding-top:20px;background-position:left top;background-repeat:no-repeat;-webkit-background-size:cover;-moz-background-size:cover;-o-background-size:cover;background-size:cover;\"><div class=\"fusion-row\"><div class=\"fusion-one-half fusion-layout-column fusion-spacing-yes\" style=\"margin-top:0px;margin-bottom:20px;\"><div class=\"fusion-column-wrapper\"><h3>Le\u00edr\u00e1s<\/h3>\n<p>Nagyon nagy, st\u00fadi\u00f3 t\u00edpus\u00fa apartman. F\u00e1val bor\u00edtott. Az apartman k\u00e9t szob\u00e1b\u00f3l \u00e1ll \u2013 egy nappalib\u00f3l \u00e9s egy h\u00e1l\u00f3szob\u00e1b\u00f3l. Az apartmanban konyhasarok (mikrohull\u00e1m\u00fa s\u00fct\u0151, h\u0171t\u0151szekr\u00e9ny), WC \u00e9s f\u00fcrd\u0151szoba tal\u00e1lhat\u00f3. A h\u00e1l\u00f3szob\u00e1ban van egy dupla \u00e1gy, a nappaliban pedig k\u00e9t szimpla \u00e9s egy kinyithat\u00f3 \u00e1gy. A st\u00fadi\u00f3hoz egy erk\u00e9ly tartozik, amelyr\u0151l gy\u00f6ny\u00f6r\u0171 kil\u00e1t\u00e1s ny\u00edlik Giewontra, Magas T\u00e1tr\u00e1ra \u00e9s Guba\u0142\u00f3wka hegyoldal\u00e1ra. Ide\u00e1lis k\u00e9t vagy t\u00f6bb vend\u00e9g r\u00e9sz\u00e9re.<\/p>\n<\/div><\/div><div class=\"fusion-one-half fusion-layout-column fusion-column-last fusion-spacing-yes\" style=\"margin-top:0px;margin-bottom:20px;\"><div class=\"fusion-column-wrapper\"><\/div><\/div><div class=\"fusion-clearfix\"><\/div><\/div><\/div><div class=\"fusion-fullwidth fullwidth-box fusion-parallax-none\" style=\"border-color:#eae9e9;border-bottom-width: 0px;border-top-width: 0px;border-bottom-style: solid;border-top-style: solid;padding-bottom:20px;padding-left:0px;padding-right:0px;padding-top:20px;background-position:left top;background-repeat:no-repeat;-webkit-background-size:cover;-moz-background-size:cover;-o-background-size:cover;background-size:cover;\"><div class=\"fusion-row\">\n\t\t<style type=\"text\/css\">\n\t\t\t#gallery-1 {\n\t\t\t\tmargin: auto;\n\t\t\t}\n\t\t\t#gallery-1 .gallery-item {\n\t\t\t\tfloat: left;\n\t\t\t\tmargin-top: 10px;\n\t\t\t\ttext-align: center;\n\t\t\t\twidth: 25%;\n\t\t\t}\n\t\t\t#gallery-1 img {\n\t\t\t\tborder: 2px solid #cfcfcf;\n\t\t\t}\n\t\t\t#gallery-1 .gallery-caption {\n\t\t\t\tmargin-left: 0;\n\t\t\t}\n\t\t\t\/* see gallery_shortcode() in wp-includes\/media.php *\/\n\t\t<\/style>\n\t\t<div id='gallery-1' class='gallery galleryid-13338 gallery-columns-4 gallery-size-thumbnail'><dl class='gallery-item'>\n\t\t\t<dt class='gallery-icon landscape'>\n\t\t\t\t<a rel=\"prettyPhoto[postimages]\" href='http:\/\/usiarosia.pl\/wp-content\/uploads\/2015\/04\/08_pokoj_11.jpg'><img width=\"150\" height=\"150\" src=\"http:\/\/usiarosia.pl\/wp-content\/uploads\/2015\/04\/08_pokoj_11-150x150.jpg\" class=\"attachment-thumbnail size-thumbnail\" alt=\"\" decoding=\"async\" loading=\"lazy\" srcset=\"http:\/\/usiarosia.pl\/wp-content\/uploads\/2015\/04\/08_pokoj_11-150x150.jpg 150w, http:\/\/usiarosia.pl\/wp-content\/uploads\/2015\/04\/08_pokoj_11-66x66.jpg 66w\" sizes=\"(max-width: 150px) 100vw, 150px\" \/><\/a>\n\t\t\t<\/dt><\/dl><dl class='gallery-item'>\n\t\t\t<dt class='gallery-icon landscape'>\n\t\t\t\t<a rel=\"prettyPhoto[postimages]\" href='http:\/\/usiarosia.pl\/wp-content\/uploads\/2015\/04\/08_pokoj_21.jpg'><img width=\"150\" height=\"150\" src=\"http:\/\/usiarosia.pl\/wp-content\/uploads\/2015\/04\/08_pokoj_21-150x150.jpg\" class=\"attachment-thumbnail size-thumbnail\" alt=\"\" decoding=\"async\" loading=\"lazy\" srcset=\"http:\/\/usiarosia.pl\/wp-content\/uploads\/2015\/04\/08_pokoj_21-150x150.jpg 150w, http:\/\/usiarosia.pl\/wp-content\/uploads\/2015\/04\/08_pokoj_21-66x66.jpg 66w\" sizes=\"(max-width: 150px) 100vw, 150px\" \/><\/a>\n\t\t\t<\/dt><\/dl><dl class='gallery-item'>\n\t\t\t<dt class='gallery-icon landscape'>\n\t\t\t\t<a rel=\"prettyPhoto[postimages]\" href='http:\/\/usiarosia.pl\/wp-content\/uploads\/2015\/04\/08_pokoj_31.jpg'><img width=\"150\" height=\"150\" src=\"http:\/\/usiarosia.pl\/wp-content\/uploads\/2015\/04\/08_pokoj_31-150x150.jpg\" class=\"attachment-thumbnail size-thumbnail\" alt=\"\" decoding=\"async\" loading=\"lazy\" srcset=\"http:\/\/usiarosia.pl\/wp-content\/uploads\/2015\/04\/08_pokoj_31-150x150.jpg 150w, http:\/\/usiarosia.pl\/wp-content\/uploads\/2015\/04\/08_pokoj_31-66x66.jpg 66w\" sizes=\"(max-width: 150px) 100vw, 150px\" \/><\/a>\n\t\t\t<\/dt><\/dl><dl class='gallery-item'>\n\t\t\t<dt class='gallery-icon landscape'>\n\t\t\t\t<a rel=\"prettyPhoto[postimages]\" href='http:\/\/usiarosia.pl\/wp-content\/uploads\/2015\/04\/08_pokoj_41.jpg'><img width=\"150\" height=\"150\" src=\"http:\/\/usiarosia.pl\/wp-content\/uploads\/2015\/04\/08_pokoj_41-150x150.jpg\" class=\"attachment-thumbnail size-thumbnail\" alt=\"\" decoding=\"async\" loading=\"lazy\" srcset=\"http:\/\/usiarosia.pl\/wp-content\/uploads\/2015\/04\/08_pokoj_41-150x150.jpg 150w, http:\/\/usiarosia.pl\/wp-content\/uploads\/2015\/04\/08_pokoj_41-66x66.jpg 66w\" sizes=\"(max-width: 150px) 100vw, 150px\" \/><\/a>\n\t\t\t<\/dt><\/dl><br style=\"clear: both\" \/><dl class='gallery-item'>\n\t\t\t<dt class='gallery-icon landscape'>\n\t\t\t\t<a rel=\"prettyPhoto[postimages]\" href='http:\/\/usiarosia.pl\/wp-content\/uploads\/2015\/04\/08_pokoj_51.jpg'><img width=\"150\" height=\"150\" src=\"http:\/\/usiarosia.pl\/wp-content\/uploads\/2015\/04\/08_pokoj_51-150x150.jpg\" class=\"attachment-thumbnail size-thumbnail\" alt=\"\" decoding=\"async\" loading=\"lazy\" srcset=\"http:\/\/usiarosia.pl\/wp-content\/uploads\/2015\/04\/08_pokoj_51-150x150.jpg 150w, http:\/\/usiarosia.pl\/wp-content\/uploads\/2015\/04\/08_pokoj_51-66x66.jpg 66w\" sizes=\"(max-width: 150px) 100vw, 150px\" \/><\/a>\n\t\t\t<\/dt><\/dl><dl class='gallery-item'>\n\t\t\t<dt class='gallery-icon landscape'>\n\t\t\t\t<a rel=\"prettyPhoto[postimages]\" href='http:\/\/usiarosia.pl\/wp-content\/uploads\/2015\/04\/08_pokoj_61.jpg'><img width=\"150\" height=\"150\" src=\"http:\/\/usiarosia.pl\/wp-content\/uploads\/2015\/04\/08_pokoj_61-150x150.jpg\" class=\"attachment-thumbnail size-thumbnail\" alt=\"\" decoding=\"async\" loading=\"lazy\" srcset=\"http:\/\/usiarosia.pl\/wp-content\/uploads\/2015\/04\/08_pokoj_61-150x150.jpg 150w, http:\/\/usiarosia.pl\/wp-content\/uploads\/2015\/04\/08_pokoj_61-66x66.jpg 66w\" sizes=\"(max-width: 150px) 100vw, 150px\" \/><\/a>\n\t\t\t<\/dt><\/dl><dl class='gallery-item'>\n\t\t\t<dt class='gallery-icon landscape'>\n\t\t\t\t<a rel=\"prettyPhoto[postimages]\" href='http:\/\/usiarosia.pl\/wp-content\/uploads\/2015\/04\/08_pokoj_7.jpg'><img width=\"150\" height=\"150\" src=\"http:\/\/usiarosia.pl\/wp-content\/uploads\/2015\/04\/08_pokoj_7-150x150.jpg\" class=\"attachment-thumbnail size-thumbnail\" alt=\"\" decoding=\"async\" loading=\"lazy\" srcset=\"http:\/\/usiarosia.pl\/wp-content\/uploads\/2015\/04\/08_pokoj_7-150x150.jpg 150w, http:\/\/usiarosia.pl\/wp-content\/uploads\/2015\/04\/08_pokoj_7-66x66.jpg 66w\" sizes=\"(max-width: 150px) 100vw, 150px\" \/><\/a>\n\t\t\t<\/dt><\/dl><dl class='gallery-item'>\n\t\t\t<dt class='gallery-icon landscape'>\n\t\t\t\t<a rel=\"prettyPhoto[postimages]\" href='http:\/\/usiarosia.pl\/wp-content\/uploads\/2015\/04\/08_pokoj_8.jpg'><img width=\"150\" height=\"150\" src=\"http:\/\/usiarosia.pl\/wp-content\/uploads\/2015\/04\/08_pokoj_8-150x150.jpg\" class=\"attachment-thumbnail size-thumbnail\" alt=\"\" decoding=\"async\" loading=\"lazy\" srcset=\"http:\/\/usiarosia.pl\/wp-content\/uploads\/2015\/04\/08_pokoj_8-150x150.jpg 150w, http:\/\/usiarosia.pl\/wp-content\/uploads\/2015\/04\/08_pokoj_8-66x66.jpg 66w\" sizes=\"(max-width: 150px) 100vw, 150px\" \/><\/a>\n\t\t\t<\/dt><\/dl><br style=\"clear: both\" \/><dl class='gallery-item'>\n\t\t\t<dt class='gallery-icon landscape'>\n\t\t\t\t<a rel=\"prettyPhoto[postimages]\" href='http:\/\/usiarosia.pl\/wp-content\/uploads\/2015\/04\/08_pokoj_9.jpg'><img width=\"150\" height=\"150\" src=\"http:\/\/usiarosia.pl\/wp-content\/uploads\/2015\/04\/08_pokoj_9-150x150.jpg\" class=\"attachment-thumbnail size-thumbnail\" alt=\"\" decoding=\"async\" loading=\"lazy\" srcset=\"http:\/\/usiarosia.pl\/wp-content\/uploads\/2015\/04\/08_pokoj_9-150x150.jpg 150w, http:\/\/usiarosia.pl\/wp-content\/uploads\/2015\/04\/08_pokoj_9-66x66.jpg 66w\" sizes=\"(max-width: 150px) 100vw, 150px\" \/><\/a>\n\t\t\t<\/dt><\/dl><dl class='gallery-item'>\n\t\t\t<dt class='gallery-icon landscape'>\n\t\t\t\t<a rel=\"prettyPhoto[postimages]\" href='http:\/\/usiarosia.pl\/wp-content\/uploads\/2015\/04\/08_pokoj_10.jpg'><img width=\"150\" height=\"150\" src=\"http:\/\/usiarosia.pl\/wp-content\/uploads\/2015\/04\/08_pokoj_10-150x150.jpg\" class=\"attachment-thumbnail size-thumbnail\" alt=\"\" decoding=\"async\" loading=\"lazy\" srcset=\"http:\/\/usiarosia.pl\/wp-content\/uploads\/2015\/04\/08_pokoj_10-150x150.jpg 150w, http:\/\/usiarosia.pl\/wp-content\/uploads\/2015\/04\/08_pokoj_10-66x66.jpg 66w\" sizes=\"(max-width: 150px) 100vw, 150px\" \/><\/a>\n\t\t\t<\/dt><\/dl><dl class='gallery-item'>\n\t\t\t<dt class='gallery-icon landscape'>\n\t\t\t\t<a rel=\"prettyPhoto[postimages]\" href='http:\/\/usiarosia.pl\/wp-content\/uploads\/2015\/04\/08_pokoj_111.jpg'><img width=\"150\" height=\"150\" src=\"http:\/\/usiarosia.pl\/wp-content\/uploads\/2015\/04\/08_pokoj_111-150x150.jpg\" class=\"attachment-thumbnail size-thumbnail\" alt=\"\" decoding=\"async\" loading=\"lazy\" srcset=\"http:\/\/usiarosia.pl\/wp-content\/uploads\/2015\/04\/08_pokoj_111-150x150.jpg 150w, http:\/\/usiarosia.pl\/wp-content\/uploads\/2015\/04\/08_pokoj_111-66x66.jpg 66w\" sizes=\"(max-width: 150px) 100vw, 150px\" \/><\/a>\n\t\t\t<\/dt><\/dl><dl class='gallery-item'>\n\t\t\t<dt class='gallery-icon landscape'>\n\t\t\t\t<a rel=\"prettyPhoto[postimages]\" href='http:\/\/usiarosia.pl\/wp-content\/uploads\/2015\/04\/08_pokoj_12.jpg'><img width=\"150\" height=\"150\" src=\"http:\/\/usiarosia.pl\/wp-content\/uploads\/2015\/04\/08_pokoj_12-150x150.jpg\" class=\"attachment-thumbnail size-thumbnail\" alt=\"\" decoding=\"async\" loading=\"lazy\" srcset=\"http:\/\/usiarosia.pl\/wp-content\/uploads\/2015\/04\/08_pokoj_12-150x150.jpg 150w, http:\/\/usiarosia.pl\/wp-content\/uploads\/2015\/04\/08_pokoj_12-66x66.jpg 66w\" sizes=\"(max-width: 150px) 100vw, 150px\" \/><\/a>\n\t\t\t<\/dt><\/dl><br style=\"clear: both\" \/>\n\t\t<\/div>\n\n<\/div><\/div>\n","protected":false},"excerpt":{"rendered":"","protected":false},"author":2,"featured_media":0,"parent":13318,"menu_order":0,"comment_status":"open","ping_status":"open","template":"100-width.php","meta":{"ngg_post_thumbnail":0,"spay_email":""},"jetpack_sharing_enabled":true,"jetpack_shortlink":"https:\/\/wp.me\/P67Dl8-3t8","_links":{"self":[{"href":"http:\/\/usiarosia.pl\/hu\/wp-json\/wp\/v2\/pages\/13338"}],"collection":[{"href":"http:\/\/usiarosia.pl\/hu\/wp-json\/wp\/v2\/pages"}],"about":[{"href":"http:\/\/usiarosia.pl\/hu\/wp-json\/wp\/v2\/types\/page"}],"author":[{"embeddable":true,"href":"http:\/\/usiarosia.pl\/hu\/wp-json\/wp\/v2\/users\/2"}],"replies":[{"embeddable":true,"href":"http:\/\/usiarosia.pl\/hu\/wp-json\/wp\/v2\/comments?post=13338"}],"version-history":[{"count":2,"href":"http:\/\/usiarosia.pl\/hu\/wp-json\/wp\/v2\/pages\/13338\/revisions"}],"predecessor-version":[{"id":13555,"href":"http:\/\/usiarosia.pl\/hu\/wp-json\/wp\/v2\/pages\/13338\/revisions\/13555"}],"up":[{"embeddable":true,"href":"http:\/\/usiarosia.pl\/hu\/wp-json\/wp\/v2\/pages\/13318"}],"wp:attachment":[{"href":"http:\/\/usiarosia.pl\/hu\/wp-json\/wp\/v2\/media?parent=13338"}],"curies":[{"name":"wp","href":"https:\/\/api.w.org\/{rel}","templated":true}]}}