{"id":13336,"date":"2015-09-16T11:01:01","date_gmt":"2015-09-16T11:01:01","guid":{"rendered":"http:\/\/usiarosia.pl\/hu\/?page_id=13336"},"modified":"2015-09-16T11:01:01","modified_gmt":"2015-09-16T11:01:01","slug":"7-apartman-2-szobabol","status":"publish","type":"page","link":"http:\/\/usiarosia.pl\/hu\/szobak\/7-apartman-2-szobabol\/","title":{"rendered":"7\u2013Apartman 2 szob\u00e1b\u00f3l \u00e1ll\u00f3 4-\u00e1gyas"},"content":{"rendered":"<div class=\"fusion-fullwidth fullwidth-box fusion-parallax-none\" style=\"border-color:#eae9e9;border-bottom-width: 0px;border-top-width: 0px;border-bottom-style: solid;border-top-style: solid;padding-bottom:20px;padding-left:0px;padding-right:0px;padding-top:20px;background-position:left top;background-repeat:no-repeat;-webkit-background-size:cover;-moz-background-size:cover;-o-background-size:cover;background-size:cover;\"><div class=\"fusion-row\"><div class=\"fusion-one-half fusion-layout-column fusion-spacing-yes\" style=\"margin-top:0px;margin-bottom:20px;\"><div class=\"fusion-column-wrapper\"><div class=\"imageframe-align-center\"><span class=\"fusion-imageframe imageframe-none imageframe-1\"> <img decoding=\"async\" src=\"http:\/\/usiarosia.pl\/wp-content\/uploads\/2015\/04\/07_pokoj_31.jpg\" alt=\"\" class=\"img-responsive\"\/><\/span><\/div><\/div><\/div><div class=\"fusion-one-half fusion-layout-column fusion-column-last fusion-spacing-yes\" style=\"margin-top:0px;margin-bottom:20px;\"><div class=\"fusion-column-wrapper\"><div class=\"table-2\">\n<table width=\"100%\">\n<thead>\n<tr>\n<th colspan=\"4\">7\u2013Apartman 2 szob\u00e1b\u00f3l \u00e1ll\u00f3 4-\u00e1gyas<\/th>\n<\/tr>\n<\/thead>\n<tbody>\n<tr>\n<td><strong>F\u0151<\/strong><\/td>\n<td>4<\/td>\n<\/tr>\n<tr>\n<td><strong>\u00c1gyak sz\u00e1ma<\/strong><\/td>\n<td>2<\/td>\n<\/tr>\n<tr>\n<td><strong>F\u00fcrd\u0151szoba<\/strong><\/td>\n<td>Igen<\/td>\n<\/tr>\n<tr>\n<td><strong>Konyhar\u00e9sz<\/strong><\/td>\n<td>Igen<\/td>\n<\/tr>\n<tr>\n<td><strong>Ter\u00fclet<\/strong><\/td>\n<td>30nm<\/td>\n<\/tr>\n<\/tbody>\n<\/table>\n<\/div>\n<\/div><\/div><div class=\"fusion-clearfix\"><\/div><\/div><\/div><div class=\"fusion-fullwidth fullwidth-box fusion-parallax-none\" style=\"border-color:#eae9e9;border-bottom-width: 0px;border-top-width: 0px;border-bottom-style: solid;border-top-style: solid;padding-bottom:20px;padding-left:0px;padding-right:0px;padding-top:20px;background-position:left top;background-repeat:no-repeat;-webkit-background-size:cover;-moz-background-size:cover;-o-background-size:cover;background-size:cover;\"><div class=\"fusion-row\"><div class=\"fusion-one-half fusion-layout-column fusion-spacing-yes\" style=\"margin-top:0px;margin-bottom:20px;\"><div class=\"fusion-column-wrapper\"><h3>Le\u00edr\u00e1s<\/h3>\n<p>Nagyon sz\u00e9p k\u00e9tszob\u00e1s apartman erk\u00e9llyel \u00e9s gy\u00f6ny\u00f6r\u0171 kil\u00e1t\u00e1ssal V\u00f6r\u00f6s-hegyekre (Czerwone Wierchy) \u00e9s Nyugati T\u00e1tr\u00e1ra: 2-4 f\u0151 fogad\u00e1s\u00e1ra alkalmas. WC+zuhanyz\u00f3+mosd\u00f3, tov\u00e1bb\u00e1 konyhasarok h\u0171t\u0151szekr\u00e9nnyel \u00e9s mikrohull\u00e1m\u00fa s\u00fct\u0151vel. Az apartman \u00e9tkez\u0151b\u0151l, nappali szob\u00e1b\u00f3l kinyithat\u00f3 2-szem\u00e9lyes \u00e1ggyal \u00e9s dupla \u00e1gyas h\u00e1l\u00f3szob\u00e1b\u00f3l \u00e1ll.<\/p>\n<\/div><\/div><div class=\"fusion-one-half fusion-layout-column fusion-column-last fusion-spacing-yes\" style=\"margin-top:0px;margin-bottom:20px;\"><div class=\"fusion-column-wrapper\"><\/div><\/div><div class=\"fusion-clearfix\"><\/div><\/div><\/div><div class=\"fusion-fullwidth fullwidth-box fusion-parallax-none\" style=\"border-color:#eae9e9;border-bottom-width: 0px;border-top-width: 0px;border-bottom-style: solid;border-top-style: solid;padding-bottom:20px;padding-left:0px;padding-right:0px;padding-top:20px;background-position:left top;background-repeat:no-repeat;-webkit-background-size:cover;-moz-background-size:cover;-o-background-size:cover;background-size:cover;\"><div class=\"fusion-row\">\n\t\t<style type=\"text\/css\">\n\t\t\t#gallery-1 {\n\t\t\t\tmargin: auto;\n\t\t\t}\n\t\t\t#gallery-1 .gallery-item {\n\t\t\t\tfloat: left;\n\t\t\t\tmargin-top: 10px;\n\t\t\t\ttext-align: center;\n\t\t\t\twidth: 25%;\n\t\t\t}\n\t\t\t#gallery-1 img {\n\t\t\t\tborder: 2px solid #cfcfcf;\n\t\t\t}\n\t\t\t#gallery-1 .gallery-caption {\n\t\t\t\tmargin-left: 0;\n\t\t\t}\n\t\t\t\/* see gallery_shortcode() in wp-includes\/media.php *\/\n\t\t<\/style>\n\t\t<div id='gallery-1' class='gallery galleryid-13336 gallery-columns-4 gallery-size-thumbnail'><dl class='gallery-item'>\n\t\t\t<dt class='gallery-icon landscape'>\n\t\t\t\t<a rel=\"prettyPhoto[postimages]\" href='http:\/\/usiarosia.pl\/wp-content\/uploads\/2015\/04\/07_pokoj_21.jpg'><img width=\"150\" height=\"150\" src=\"http:\/\/usiarosia.pl\/wp-content\/uploads\/2015\/04\/07_pokoj_21-150x150.jpg\" class=\"attachment-thumbnail size-thumbnail\" alt=\"\" decoding=\"async\" loading=\"lazy\" srcset=\"http:\/\/usiarosia.pl\/wp-content\/uploads\/2015\/04\/07_pokoj_21-150x150.jpg 150w, http:\/\/usiarosia.pl\/wp-content\/uploads\/2015\/04\/07_pokoj_21-66x66.jpg 66w\" sizes=\"(max-width: 150px) 100vw, 150px\" \/><\/a>\n\t\t\t<\/dt><\/dl><dl class='gallery-item'>\n\t\t\t<dt class='gallery-icon landscape'>\n\t\t\t\t<a rel=\"prettyPhoto[postimages]\" href='http:\/\/usiarosia.pl\/wp-content\/uploads\/2015\/04\/07_pokoj_31.jpg'><img width=\"150\" height=\"150\" src=\"http:\/\/usiarosia.pl\/wp-content\/uploads\/2015\/04\/07_pokoj_31-150x150.jpg\" class=\"attachment-thumbnail size-thumbnail\" alt=\"\" decoding=\"async\" loading=\"lazy\" srcset=\"http:\/\/usiarosia.pl\/wp-content\/uploads\/2015\/04\/07_pokoj_31-150x150.jpg 150w, http:\/\/usiarosia.pl\/wp-content\/uploads\/2015\/04\/07_pokoj_31-66x66.jpg 66w\" sizes=\"(max-width: 150px) 100vw, 150px\" \/><\/a>\n\t\t\t<\/dt><\/dl><dl class='gallery-item'>\n\t\t\t<dt class='gallery-icon landscape'>\n\t\t\t\t<a rel=\"prettyPhoto[postimages]\" href='http:\/\/usiarosia.pl\/wp-content\/uploads\/2015\/04\/07_pokoj_41.jpg'><img width=\"150\" height=\"150\" src=\"http:\/\/usiarosia.pl\/wp-content\/uploads\/2015\/04\/07_pokoj_41-150x150.jpg\" class=\"attachment-thumbnail size-thumbnail\" alt=\"\" decoding=\"async\" loading=\"lazy\" srcset=\"http:\/\/usiarosia.pl\/wp-content\/uploads\/2015\/04\/07_pokoj_41-150x150.jpg 150w, http:\/\/usiarosia.pl\/wp-content\/uploads\/2015\/04\/07_pokoj_41-66x66.jpg 66w\" sizes=\"(max-width: 150px) 100vw, 150px\" \/><\/a>\n\t\t\t<\/dt><\/dl><dl class='gallery-item'>\n\t\t\t<dt class='gallery-icon landscape'>\n\t\t\t\t<a rel=\"prettyPhoto[postimages]\" href='http:\/\/usiarosia.pl\/wp-content\/uploads\/2015\/04\/07_pokoj_51.jpg'><img width=\"150\" height=\"150\" src=\"http:\/\/usiarosia.pl\/wp-content\/uploads\/2015\/04\/07_pokoj_51-150x150.jpg\" class=\"attachment-thumbnail size-thumbnail\" alt=\"\" decoding=\"async\" loading=\"lazy\" srcset=\"http:\/\/usiarosia.pl\/wp-content\/uploads\/2015\/04\/07_pokoj_51-150x150.jpg 150w, http:\/\/usiarosia.pl\/wp-content\/uploads\/2015\/04\/07_pokoj_51-66x66.jpg 66w\" sizes=\"(max-width: 150px) 100vw, 150px\" \/><\/a>\n\t\t\t<\/dt><\/dl><br style=\"clear: both\" \/><dl class='gallery-item'>\n\t\t\t<dt class='gallery-icon landscape'>\n\t\t\t\t<a rel=\"prettyPhoto[postimages]\" href='http:\/\/usiarosia.pl\/wp-content\/uploads\/2015\/04\/07_pokoj_61.jpg'><img width=\"150\" height=\"150\" src=\"http:\/\/usiarosia.pl\/wp-content\/uploads\/2015\/04\/07_pokoj_61-150x150.jpg\" class=\"attachment-thumbnail size-thumbnail\" alt=\"\" decoding=\"async\" loading=\"lazy\" srcset=\"http:\/\/usiarosia.pl\/wp-content\/uploads\/2015\/04\/07_pokoj_61-150x150.jpg 150w, http:\/\/usiarosia.pl\/wp-content\/uploads\/2015\/04\/07_pokoj_61-66x66.jpg 66w\" sizes=\"(max-width: 150px) 100vw, 150px\" \/><\/a>\n\t\t\t<\/dt><\/dl><dl class='gallery-item'>\n\t\t\t<dt class='gallery-icon landscape'>\n\t\t\t\t<a rel=\"prettyPhoto[postimages]\" href='http:\/\/usiarosia.pl\/wp-content\/uploads\/2015\/04\/07_pokoj_71.jpg'><img width=\"150\" height=\"150\" src=\"http:\/\/usiarosia.pl\/wp-content\/uploads\/2015\/04\/07_pokoj_71-150x150.jpg\" class=\"attachment-thumbnail size-thumbnail\" alt=\"\" decoding=\"async\" loading=\"lazy\" srcset=\"http:\/\/usiarosia.pl\/wp-content\/uploads\/2015\/04\/07_pokoj_71-150x150.jpg 150w, http:\/\/usiarosia.pl\/wp-content\/uploads\/2015\/04\/07_pokoj_71-66x66.jpg 66w\" sizes=\"(max-width: 150px) 100vw, 150px\" \/><\/a>\n\t\t\t<\/dt><\/dl><dl class='gallery-item'>\n\t\t\t<dt class='gallery-icon landscape'>\n\t\t\t\t<a rel=\"prettyPhoto[postimages]\" href='http:\/\/usiarosia.pl\/wp-content\/uploads\/2015\/04\/07_pokoj_81.jpg'><img width=\"150\" height=\"150\" src=\"http:\/\/usiarosia.pl\/wp-content\/uploads\/2015\/04\/07_pokoj_81-150x150.jpg\" class=\"attachment-thumbnail size-thumbnail\" alt=\"\" decoding=\"async\" loading=\"lazy\" srcset=\"http:\/\/usiarosia.pl\/wp-content\/uploads\/2015\/04\/07_pokoj_81-150x150.jpg 150w, http:\/\/usiarosia.pl\/wp-content\/uploads\/2015\/04\/07_pokoj_81-66x66.jpg 66w\" sizes=\"(max-width: 150px) 100vw, 150px\" \/><\/a>\n\t\t\t<\/dt><\/dl><dl class='gallery-item'>\n\t\t\t<dt class='gallery-icon portrait'>\n\t\t\t\t<a rel=\"prettyPhoto[postimages]\" href='http:\/\/usiarosia.pl\/wp-content\/uploads\/2015\/04\/07_pokoj_9.jpg'><img width=\"150\" height=\"150\" src=\"http:\/\/usiarosia.pl\/wp-content\/uploads\/2015\/04\/07_pokoj_9-150x150.jpg\" class=\"attachment-thumbnail size-thumbnail\" alt=\"\" decoding=\"async\" loading=\"lazy\" srcset=\"http:\/\/usiarosia.pl\/wp-content\/uploads\/2015\/04\/07_pokoj_9-150x150.jpg 150w, http:\/\/usiarosia.pl\/wp-content\/uploads\/2015\/04\/07_pokoj_9-66x66.jpg 66w\" sizes=\"(max-width: 150px) 100vw, 150px\" \/><\/a>\n\t\t\t<\/dt><\/dl><br style=\"clear: both\" \/><dl class='gallery-item'>\n\t\t\t<dt class='gallery-icon portrait'>\n\t\t\t\t<a rel=\"prettyPhoto[postimages]\" href='http:\/\/usiarosia.pl\/wp-content\/uploads\/2015\/04\/07_pokoj_10.jpg'><img width=\"150\" height=\"150\" src=\"http:\/\/usiarosia.pl\/wp-content\/uploads\/2015\/04\/07_pokoj_10-150x150.jpg\" class=\"attachment-thumbnail size-thumbnail\" alt=\"\" decoding=\"async\" loading=\"lazy\" srcset=\"http:\/\/usiarosia.pl\/wp-content\/uploads\/2015\/04\/07_pokoj_10-150x150.jpg 150w, http:\/\/usiarosia.pl\/wp-content\/uploads\/2015\/04\/07_pokoj_10-66x66.jpg 66w\" sizes=\"(max-width: 150px) 100vw, 150px\" \/><\/a>\n\t\t\t<\/dt><\/dl>\n\t\t\t<br style='clear: both' \/>\n\t\t<\/div>\n\n<\/div><\/div>\n","protected":false},"excerpt":{"rendered":"","protected":false},"author":2,"featured_media":0,"parent":13318,"menu_order":0,"comment_status":"open","ping_status":"open","template":"100-width.php","meta":{"ngg_post_thumbnail":0,"spay_email":""},"jetpack_sharing_enabled":true,"jetpack_shortlink":"https:\/\/wp.me\/P67Dl8-3t6","_links":{"self":[{"href":"http:\/\/usiarosia.pl\/hu\/wp-json\/wp\/v2\/pages\/13336"}],"collection":[{"href":"http:\/\/usiarosia.pl\/hu\/wp-json\/wp\/v2\/pages"}],"about":[{"href":"http:\/\/usiarosia.pl\/hu\/wp-json\/wp\/v2\/types\/page"}],"author":[{"embeddable":true,"href":"http:\/\/usiarosia.pl\/hu\/wp-json\/wp\/v2\/users\/2"}],"replies":[{"embeddable":true,"href":"http:\/\/usiarosia.pl\/hu\/wp-json\/wp\/v2\/comments?post=13336"}],"version-history":[{"count":1,"href":"http:\/\/usiarosia.pl\/hu\/wp-json\/wp\/v2\/pages\/13336\/revisions"}],"predecessor-version":[{"id":13337,"href":"http:\/\/usiarosia.pl\/hu\/wp-json\/wp\/v2\/pages\/13336\/revisions\/13337"}],"up":[{"embeddable":true,"href":"http:\/\/usiarosia.pl\/hu\/wp-json\/wp\/v2\/pages\/13318"}],"wp:attachment":[{"href":"http:\/\/usiarosia.pl\/hu\/wp-json\/wp\/v2\/media?parent=13336"}],"curies":[{"name":"wp","href":"https:\/\/api.w.org\/{rel}","templated":true}]}}