{"id":13326,"date":"2015-09-16T10:37:56","date_gmt":"2015-09-16T10:37:56","guid":{"rendered":"http:\/\/usiarosia.pl\/hu\/?page_id=13326"},"modified":"2015-09-16T10:37:56","modified_gmt":"2015-09-16T10:37:56","slug":"2-3-agyas-szoba","status":"publish","type":"page","link":"http:\/\/usiarosia.pl\/hu\/szobak\/2-3-agyas-szoba\/","title":{"rendered":"2-3-\u00e1gyas szoba"},"content":{"rendered":"<div class=\"fusion-fullwidth fullwidth-box fusion-parallax-none\" style=\"border-color:#eae9e9;border-bottom-width: 0px;border-top-width: 0px;border-bottom-style: solid;border-top-style: solid;padding-bottom:20px;padding-left:0px;padding-right:0px;padding-top:20px;background-position:left top;background-repeat:no-repeat;-webkit-background-size:cover;-moz-background-size:cover;-o-background-size:cover;background-size:cover;\"><div class=\"fusion-row\"><div class=\"fusion-one-half fusion-layout-column fusion-spacing-yes\" style=\"margin-top:0px;margin-bottom:20px;\"><div class=\"fusion-column-wrapper\"><div class=\"imageframe-align-center\"><span class=\"fusion-imageframe imageframe-none imageframe-1\"> <img decoding=\"async\" src=\"http:\/\/usiarosia.pl\/wp-content\/uploads\/2015\/04\/02_pokoj_1.jpg\" alt=\"\" class=\"img-responsive\"\/><\/span><\/div><\/div><\/div><div class=\"fusion-one-half fusion-layout-column fusion-column-last fusion-spacing-yes\" style=\"margin-top:0px;margin-bottom:20px;\"><div class=\"fusion-column-wrapper\"><div class=\"table-2\">\n<table width=\"100%\">\n<thead>\n<tr>\n<th colspan=\"4\">2-3-\u00e1gyas szoba<\/th>\n<\/tr>\n<\/thead>\n<tbody>\n<tr>\n<td><strong>F\u0151<\/strong><\/td>\n<td>3<\/td>\n<\/tr>\n<tr>\n<td><strong>\u00c1gyak sz\u00e1ma<\/strong><\/td>\n<td>2<\/td>\n<\/tr>\n<tr>\n<td><strong>F\u00fcrd\u0151szoba<\/strong><\/td>\n<td>Igen<\/td>\n<\/tr>\n<tr>\n<td><strong>Ter\u00fclet<\/strong><\/td>\n<td>10nm<\/td>\n<\/tr>\n<\/tbody>\n<\/table>\n<\/div>\n<\/div><\/div><div class=\"fusion-clearfix\"><\/div><\/div><\/div><div class=\"fusion-fullwidth fullwidth-box fusion-parallax-none\" style=\"border-color:#eae9e9;border-bottom-width: 0px;border-top-width: 0px;border-bottom-style: solid;border-top-style: solid;padding-bottom:20px;padding-left:0px;padding-right:0px;padding-top:20px;background-position:left top;background-repeat:no-repeat;-webkit-background-size:cover;-moz-background-size:cover;-o-background-size:cover;background-size:cover;\"><div class=\"fusion-row\"><div class=\"fusion-one-half fusion-layout-column fusion-spacing-yes\" style=\"margin-top:0px;margin-bottom:20px;\"><div class=\"fusion-column-wrapper\"><h3>Le\u00edr\u00e1s<\/h3>\n<p>K\u00e9t- vagy h\u00e1rom szem\u00e9lynek val\u00f3 szoba, falamb\u00e9ri\u00e1val bor\u00edtott falakkal \u00e9s st\u00edlusos farag\u00e1sokkal, az ablakb\u00f3l gy\u00f6ny\u00f6r\u0171 kil\u00e1t\u00e1s ny\u00edlik Giewontra \u00e9s Magas T\u00e1tr\u00e1ra. WC, f\u00fcrd\u0151szoba, TV, egy dupla \u00e9s egy szimpla \u00e1gy.<\/p>\n<\/div><\/div><div class=\"fusion-one-half fusion-layout-column fusion-column-last fusion-spacing-yes\" style=\"margin-top:0px;margin-bottom:20px;\"><div class=\"fusion-column-wrapper\"><\/div><\/div><div class=\"fusion-clearfix\"><\/div><\/div><\/div><div class=\"fusion-fullwidth fullwidth-box fusion-parallax-none\" style=\"border-color:#eae9e9;border-bottom-width: 0px;border-top-width: 0px;border-bottom-style: solid;border-top-style: solid;padding-bottom:20px;padding-left:0px;padding-right:0px;padding-top:20px;background-position:left top;background-repeat:no-repeat;-webkit-background-size:cover;-moz-background-size:cover;-o-background-size:cover;background-size:cover;\"><div class=\"fusion-row\">\n\t\t<style type=\"text\/css\">\n\t\t\t#gallery-1 {\n\t\t\t\tmargin: auto;\n\t\t\t}\n\t\t\t#gallery-1 .gallery-item {\n\t\t\t\tfloat: left;\n\t\t\t\tmargin-top: 10px;\n\t\t\t\ttext-align: center;\n\t\t\t\twidth: 25%;\n\t\t\t}\n\t\t\t#gallery-1 img {\n\t\t\t\tborder: 2px solid #cfcfcf;\n\t\t\t}\n\t\t\t#gallery-1 .gallery-caption {\n\t\t\t\tmargin-left: 0;\n\t\t\t}\n\t\t\t\/* see gallery_shortcode() in wp-includes\/media.php *\/\n\t\t<\/style>\n\t\t<div id='gallery-1' class='gallery galleryid-13326 gallery-columns-4 gallery-size-thumbnail'><dl class='gallery-item'>\n\t\t\t<dt class='gallery-icon landscape'>\n\t\t\t\t<a rel=\"prettyPhoto[postimages]\" href='http:\/\/usiarosia.pl\/wp-content\/uploads\/2015\/04\/02_pokoj_1.jpg'><img width=\"150\" height=\"150\" src=\"http:\/\/usiarosia.pl\/wp-content\/uploads\/2015\/04\/02_pokoj_1-150x150.jpg\" class=\"attachment-thumbnail size-thumbnail\" alt=\"\" decoding=\"async\" loading=\"lazy\" srcset=\"http:\/\/usiarosia.pl\/wp-content\/uploads\/2015\/04\/02_pokoj_1-150x150.jpg 150w, http:\/\/usiarosia.pl\/wp-content\/uploads\/2015\/04\/02_pokoj_1-66x66.jpg 66w\" sizes=\"(max-width: 150px) 100vw, 150px\" \/><\/a>\n\t\t\t<\/dt><\/dl><dl class='gallery-item'>\n\t\t\t<dt class='gallery-icon landscape'>\n\t\t\t\t<a rel=\"prettyPhoto[postimages]\" href='http:\/\/usiarosia.pl\/wp-content\/uploads\/2015\/04\/02_pokoj_2.jpg'><img width=\"150\" height=\"150\" src=\"http:\/\/usiarosia.pl\/wp-content\/uploads\/2015\/04\/02_pokoj_2-150x150.jpg\" class=\"attachment-thumbnail size-thumbnail\" alt=\"\" decoding=\"async\" loading=\"lazy\" srcset=\"http:\/\/usiarosia.pl\/wp-content\/uploads\/2015\/04\/02_pokoj_2-150x150.jpg 150w, http:\/\/usiarosia.pl\/wp-content\/uploads\/2015\/04\/02_pokoj_2-66x66.jpg 66w\" sizes=\"(max-width: 150px) 100vw, 150px\" \/><\/a>\n\t\t\t<\/dt><\/dl><dl class='gallery-item'>\n\t\t\t<dt class='gallery-icon landscape'>\n\t\t\t\t<a rel=\"prettyPhoto[postimages]\" href='http:\/\/usiarosia.pl\/wp-content\/uploads\/2015\/04\/02_pokoj_3.jpg'><img width=\"150\" height=\"150\" src=\"http:\/\/usiarosia.pl\/wp-content\/uploads\/2015\/04\/02_pokoj_3-150x150.jpg\" class=\"attachment-thumbnail size-thumbnail\" alt=\"\" decoding=\"async\" loading=\"lazy\" srcset=\"http:\/\/usiarosia.pl\/wp-content\/uploads\/2015\/04\/02_pokoj_3-150x150.jpg 150w, http:\/\/usiarosia.pl\/wp-content\/uploads\/2015\/04\/02_pokoj_3-66x66.jpg 66w\" sizes=\"(max-width: 150px) 100vw, 150px\" \/><\/a>\n\t\t\t<\/dt><\/dl><dl class='gallery-item'>\n\t\t\t<dt class='gallery-icon landscape'>\n\t\t\t\t<a rel=\"prettyPhoto[postimages]\" href='http:\/\/usiarosia.pl\/wp-content\/uploads\/2015\/04\/02_pokoj_41.jpg'><img width=\"150\" height=\"150\" src=\"http:\/\/usiarosia.pl\/wp-content\/uploads\/2015\/04\/02_pokoj_41-150x150.jpg\" class=\"attachment-thumbnail size-thumbnail\" alt=\"\" decoding=\"async\" loading=\"lazy\" srcset=\"http:\/\/usiarosia.pl\/wp-content\/uploads\/2015\/04\/02_pokoj_41-150x150.jpg 150w, http:\/\/usiarosia.pl\/wp-content\/uploads\/2015\/04\/02_pokoj_41-66x66.jpg 66w\" sizes=\"(max-width: 150px) 100vw, 150px\" \/><\/a>\n\t\t\t<\/dt><\/dl><br style=\"clear: both\" \/><dl class='gallery-item'>\n\t\t\t<dt class='gallery-icon landscape'>\n\t\t\t\t<a rel=\"prettyPhoto[postimages]\" href='http:\/\/usiarosia.pl\/wp-content\/uploads\/2015\/04\/02_pokoj_51.jpg'><img width=\"150\" height=\"150\" src=\"http:\/\/usiarosia.pl\/wp-content\/uploads\/2015\/04\/02_pokoj_51-150x150.jpg\" class=\"attachment-thumbnail size-thumbnail\" alt=\"\" decoding=\"async\" loading=\"lazy\" srcset=\"http:\/\/usiarosia.pl\/wp-content\/uploads\/2015\/04\/02_pokoj_51-150x150.jpg 150w, http:\/\/usiarosia.pl\/wp-content\/uploads\/2015\/04\/02_pokoj_51-66x66.jpg 66w\" sizes=\"(max-width: 150px) 100vw, 150px\" \/><\/a>\n\t\t\t<\/dt><\/dl><dl class='gallery-item'>\n\t\t\t<dt class='gallery-icon portrait'>\n\t\t\t\t<a rel=\"prettyPhoto[postimages]\" href='http:\/\/usiarosia.pl\/wp-content\/uploads\/2015\/04\/02_pokoj_61.jpg'><img width=\"150\" height=\"150\" src=\"http:\/\/usiarosia.pl\/wp-content\/uploads\/2015\/04\/02_pokoj_61-150x150.jpg\" class=\"attachment-thumbnail size-thumbnail\" alt=\"\" decoding=\"async\" loading=\"lazy\" srcset=\"http:\/\/usiarosia.pl\/wp-content\/uploads\/2015\/04\/02_pokoj_61-150x150.jpg 150w, http:\/\/usiarosia.pl\/wp-content\/uploads\/2015\/04\/02_pokoj_61-66x66.jpg 66w\" sizes=\"(max-width: 150px) 100vw, 150px\" \/><\/a>\n\t\t\t<\/dt><\/dl><dl class='gallery-item'>\n\t\t\t<dt class='gallery-icon landscape'>\n\t\t\t\t<a rel=\"prettyPhoto[postimages]\" href='http:\/\/usiarosia.pl\/wp-content\/uploads\/2015\/04\/02_pokoj_71.jpg'><img width=\"150\" height=\"150\" src=\"http:\/\/usiarosia.pl\/wp-content\/uploads\/2015\/04\/02_pokoj_71-150x150.jpg\" class=\"attachment-thumbnail size-thumbnail\" alt=\"\" decoding=\"async\" loading=\"lazy\" srcset=\"http:\/\/usiarosia.pl\/wp-content\/uploads\/2015\/04\/02_pokoj_71-150x150.jpg 150w, http:\/\/usiarosia.pl\/wp-content\/uploads\/2015\/04\/02_pokoj_71-66x66.jpg 66w\" sizes=\"(max-width: 150px) 100vw, 150px\" \/><\/a>\n\t\t\t<\/dt><\/dl><dl class='gallery-item'>\n\t\t\t<dt class='gallery-icon landscape'>\n\t\t\t\t<a rel=\"prettyPhoto[postimages]\" href='http:\/\/usiarosia.pl\/wp-content\/uploads\/2015\/04\/02_pokoj_81.jpg'><img width=\"150\" height=\"150\" src=\"http:\/\/usiarosia.pl\/wp-content\/uploads\/2015\/04\/02_pokoj_81-150x150.jpg\" class=\"attachment-thumbnail size-thumbnail\" alt=\"\" decoding=\"async\" loading=\"lazy\" srcset=\"http:\/\/usiarosia.pl\/wp-content\/uploads\/2015\/04\/02_pokoj_81-150x150.jpg 150w, http:\/\/usiarosia.pl\/wp-content\/uploads\/2015\/04\/02_pokoj_81-66x66.jpg 66w\" sizes=\"(max-width: 150px) 100vw, 150px\" \/><\/a>\n\t\t\t<\/dt><\/dl><br style=\"clear: both\" \/>\n\t\t<\/div>\n\n<\/div><\/div>\n","protected":false},"excerpt":{"rendered":"","protected":false},"author":2,"featured_media":0,"parent":13318,"menu_order":0,"comment_status":"open","ping_status":"open","template":"100-width.php","meta":{"ngg_post_thumbnail":0,"spay_email":""},"jetpack_sharing_enabled":true,"jetpack_shortlink":"https:\/\/wp.me\/P67Dl8-3sW","_links":{"self":[{"href":"http:\/\/usiarosia.pl\/hu\/wp-json\/wp\/v2\/pages\/13326"}],"collection":[{"href":"http:\/\/usiarosia.pl\/hu\/wp-json\/wp\/v2\/pages"}],"about":[{"href":"http:\/\/usiarosia.pl\/hu\/wp-json\/wp\/v2\/types\/page"}],"author":[{"embeddable":true,"href":"http:\/\/usiarosia.pl\/hu\/wp-json\/wp\/v2\/users\/2"}],"replies":[{"embeddable":true,"href":"http:\/\/usiarosia.pl\/hu\/wp-json\/wp\/v2\/comments?post=13326"}],"version-history":[{"count":1,"href":"http:\/\/usiarosia.pl\/hu\/wp-json\/wp\/v2\/pages\/13326\/revisions"}],"predecessor-version":[{"id":13327,"href":"http:\/\/usiarosia.pl\/hu\/wp-json\/wp\/v2\/pages\/13326\/revisions\/13327"}],"up":[{"embeddable":true,"href":"http:\/\/usiarosia.pl\/hu\/wp-json\/wp\/v2\/pages\/13318"}],"wp:attachment":[{"href":"http:\/\/usiarosia.pl\/hu\/wp-json\/wp\/v2\/media?parent=13326"}],"curies":[{"name":"wp","href":"https:\/\/api.w.org\/{rel}","templated":true}]}}