{"id":13312,"date":"2015-09-16T09:31:15","date_gmt":"2015-09-16T09:31:15","guid":{"rendered":"http:\/\/usiarosia.pl\/hu\/?page_id=13312"},"modified":"2015-09-16T09:31:15","modified_gmt":"2015-09-16T09:31:15","slug":"rolunk","status":"publish","type":"page","link":"http:\/\/usiarosia.pl\/hu\/rolunk\/","title":{"rendered":"R\u00f3lunk"},"content":{"rendered":"<div class=\"fusion-fullwidth fullwidth-box fusion-parallax-none\" style=\"border-color:#eae9e9;border-bottom-width: 0px;border-top-width: 0px;border-bottom-style: solid;border-top-style: solid;padding-bottom:20px;padding-left:0px;padding-right:0px;padding-top:20px;background-position:left top;background-repeat:no-repeat;-webkit-background-size:cover;-moz-background-size:cover;-o-background-size:cover;background-size:cover;\"><div class=\"fusion-row\"><p style=\"text-align: left;\" align=\"CENTER\"><strong><span lang=\"hu-HU\">Sok szeretettel megh\u00edvjuk \u00d6n\u00f6ket a zakopanei Willa u Siarosia vill\u00e1ba.<\/span><\/strong><\/p>\n<p style=\"text-align: left;\" align=\"CENTER\"><span lang=\"hu-HU\">Min\u0151s\u00e9gi sz\u00e1ll\u00e1st biztos\u00edtunk. A h\u00e1zunk k\u00fcsz\u00f6b\u00e9t \u00e1tl\u00e9pve, m\u00e1r a mi dolgunk, hogy az \u00d6n\u00f6k tart\u00f3zkod\u00e1sa n\u00e1lunk ( id\u0151j\u00e1r\u00e1sra val\u00f3 tekintet n\u00e9lk\u00fcl ) felejthetetlenn\u00e9 v\u00e1ljon.<\/span><\/p>\n<p style=\"text-align: left;\" align=\"CENTER\"><span lang=\"hu-HU\">A villa szob\u00e1i \u00e9s berendez\u00e9se f\u00e1b\u00f3l \u00e9s k\u0151b\u0151l \u2013 a Podhale r\u00e9gi\u00f3 sz\u00e1m\u00e1ra jellegzetes anyagokb\u00f3l \u2013 k\u00e9sz\u00fclt. A h\u00e1zat h\u00edmzett ter\u00edt\u0151k, falusi sz\u0151nyegek \u00e9s szobrok \u2013 a helyi m\u0171v\u00e9szek m\u0171alkot\u00e1sai &#8211; d\u00edsz\u00edtik.<\/span><\/p>\n<p style=\"text-align: left;\" align=\"CENTER\"><span lang=\"hu-HU\">A vill\u00e1nk Ko\u015bcielisko nev\u0171 &#8211; a T\u00e1tra-hegys\u00e9g l\u00e1b\u00e1n\u00e1l fekv\u0151 &#8211; falu k\u00f6zpontj\u00e1ban tal\u00e1lhat\u00f3. Az ablakaib\u00f3l fest\u0151i kil\u00e1t\u00e1s ny\u00edlik a csod\u00e1latos hegyi panor\u00e1m\u00e1ra. Vend\u00e9geinkkel egy\u00fctt nap mind nap \u00e9lvezz\u00fck a T\u00e1tra v\u00e1ltoz\u00f3 l\u00e1tv\u00e1ny\u00e1t.<\/span><\/p>\n<p style=\"text-align: left;\" align=\"CENTER\"><span lang=\"hu-HU\">Az \u00d6n\u00f6k rendelkez\u00e9s\u00e9re \u00e1ll\u00f3 sz\u00e1ll\u00e1sok \u2013 t\u00e1gas szob\u00e1k \u00e9s apartmanok, az intimit\u00e1st szeret\u0151kre pedig k\u00fcl\u00f6n h\u00e1z v\u00e1r.<\/span><\/p>\n<p style=\"text-align: left;\" align=\"CENTER\"><span lang=\"hu-HU\">Gondoskodtunk r\u00f3la, hogy helyet biztos\u00edtsunk kikapcsol\u00f3d\u00e1sra \u00e9s szabadid\u0151t\u00f6lt\u00e9sre. Ig\u00e9nybe vehetnek szaun\u00e1t, kandall\u00f3s nappali szob\u00e1t nyitott konyh\u00e1val, ahol meleg \u00e9telt k\u00e9sz\u00edthetnek, arom\u00e1s k\u00e1v\u00e9t vagy finom te\u00e1t fogyaszthatnak. A kandall\u00f3s nappali szob\u00e1nk kiv\u00e1l\u00f3 helye lett a feln\u0151ttek \u00e9s a gyerekek integr\u00e1l\u00e1s\u00e1nak.<\/span><\/p>\n<p style=\"text-align: left;\" align=\"CENTER\"><span lang=\"hu-HU\">A h\u00e1zat k\u00f6r\u00fclvev\u0151 ter\u00fcletet \u2013 kert, j\u00e1tsz\u00f3t\u00e9r, tollaslabda p\u00e1lya, kerti grills\u00fct\u0151 \u00e9s kerti t\u00f3 \u2013 a Vend\u00e9geink kedv\u00e9re rendezt\u00fcnk be.<\/span><\/p>\n<p style=\"text-align: left;\" align=\"CENTER\"><span lang=\"hu-HU\">Willa u Siarosia a SIARO\u015a nemzets\u00e9gi nev\u0171 gur\u00e1lok csal\u00e1di h\u00e1za. A panzi\u00f3t N\u0119dza Agata \u00e9s Jacek h\u00e1zasp\u00e1r gyerekeivel vezetik.<\/span><\/p>\n<p style=\"text-align: left;\" align=\"CENTER\"><span lang=\"hu-HU\">Vel\u00fcnk vannak n\u00e9gyl\u00e1b\u00fa bar\u00e1taink is \u2013 mopszok, angol buldog, macska, patk\u00e1nyl\u00e1ny, Balbina h\u00e1ziny\u00fall\u00e1ny \u00e9s papag\u00e1j. Valamennyi \u00e1llatunk bar\u00e1ts\u00e1gos a vend\u00e9geinkkel szemben.<\/span><\/p>\n<p style=\"text-align: left;\" align=\"CENTER\"><span lang=\"hu-HU\">Szeretettel v\u00e1rjuk az \u00e1llataikkal \u00e9rkez\u0151 csal\u00e1dokat.<\/span><\/p>\n<p style=\"text-align: left;\" align=\"CENTER\"><span lang=\"hu-HU\">A h\u00e1zunk legfontosabb vend\u00e9gei a GYEREKEK. \u0150k seg\u00edtenek nek\u00fcnk a csal\u00e1dias l\u00e9gk\u00f6rt megteremteni, sok \u00e9letet \u00f6ntenek a h\u00e1zunkba.<\/span><\/p>\n<p style=\"text-align: left;\" align=\"CENTER\"><span lang=\"hu-HU\">Nagyon \u00f6r\u00fcl\u00fcnk a visszat\u00e9r\u0151 Vend\u00e9geinknek, a szimp\u00e1tia valamennyi jegy\u00e9t (bejegyz\u00e9s a vend\u00e9gk\u00f6nyvbe, k\u00f6sz\u00f6net, aj\u00e1nd\u00e9kok) pedig nagyon sz\u00e9pen k\u00f6sz\u00f6nj\u00fck!!!<\/span><\/p>\n<\/div><\/div>\n","protected":false},"excerpt":{"rendered":"","protected":false},"author":2,"featured_media":0,"parent":0,"menu_order":0,"comment_status":"open","ping_status":"open","template":"100-width.php","meta":{"ngg_post_thumbnail":0,"spay_email":""},"jetpack_sharing_enabled":true,"jetpack_shortlink":"https:\/\/wp.me\/P67Dl8-3sI","_links":{"self":[{"href":"http:\/\/usiarosia.pl\/hu\/wp-json\/wp\/v2\/pages\/13312"}],"collection":[{"href":"http:\/\/usiarosia.pl\/hu\/wp-json\/wp\/v2\/pages"}],"about":[{"href":"http:\/\/usiarosia.pl\/hu\/wp-json\/wp\/v2\/types\/page"}],"author":[{"embeddable":true,"href":"http:\/\/usiarosia.pl\/hu\/wp-json\/wp\/v2\/users\/2"}],"replies":[{"embeddable":true,"href":"http:\/\/usiarosia.pl\/hu\/wp-json\/wp\/v2\/comments?post=13312"}],"version-history":[{"count":1,"href":"http:\/\/usiarosia.pl\/hu\/wp-json\/wp\/v2\/pages\/13312\/revisions"}],"predecessor-version":[{"id":13313,"href":"http:\/\/usiarosia.pl\/hu\/wp-json\/wp\/v2\/pages\/13312\/revisions\/13313"}],"wp:attachment":[{"href":"http:\/\/usiarosia.pl\/hu\/wp-json\/wp\/v2\/media?parent=13312"}],"curies":[{"name":"wp","href":"https:\/\/api.w.org\/{rel}","templated":true}]}}