{"id":13310,"date":"2015-09-16T09:26:49","date_gmt":"2015-09-16T09:26:49","guid":{"rendered":"http:\/\/usiarosia.pl\/hu\/?page_id=13310"},"modified":"2015-09-23T11:40:13","modified_gmt":"2015-09-23T11:40:13","slug":"fooldal","status":"publish","type":"page","link":"http:\/\/usiarosia.pl\/hu\/","title":{"rendered":"F\u0151oldal"},"content":{"rendered":"<div class=\"fusion-fullwidth fullwidth-box fusion-parallax-none\" style=\"border-color:#eae9e9;border-bottom-width: 0px;border-top-width: 0px;border-bottom-style: solid;border-top-style: solid;padding-bottom:20px;padding-left:0px;padding-right:0px;padding-top:40px;background-position:left top;background-repeat:no-repeat;-webkit-background-size:cover;-moz-background-size:cover;-o-background-size:cover;background-size:cover;\"><div class=\"fusion-row\"><div class=\"fusion-one-fourth fusion-layout-column fusion-spacing-yes\" style=\"margin-top:0px;margin-bottom:20px;\"><div class=\"fusion-column-wrapper\"><div class=\"imageframe-align-center\"><span class=\"fusion-imageframe imageframe-none imageframe-1 fusion-animated\" data-animationType=\"zoomIn\" data-animationDuration=\"0.1\"><a href=\"\/hu\/ajanlat\/kueloen-haz\/\" target=\"_self\"> <img decoding=\"async\" src=\"http:\/\/usiarosia.pl\/wp-content\/uploads\/2015\/09\/samodzielny-domek-weg.png\" alt=\"K\u00fcl\u00f6n h\u00e1z\" class=\"img-responsive\"\/><\/a><\/span><\/div><\/div><\/div><div class=\"fusion-one-fourth fusion-layout-column fusion-spacing-yes\" style=\"margin-top:0px;margin-bottom:20px;\"><div class=\"fusion-column-wrapper\"><div class=\"imageframe-align-center\"><span class=\"fusion-imageframe imageframe-none imageframe-2 fusion-animated\" data-animationType=\"zoomIn\" data-animationDuration=\"0.1\"><a href=\"\/hu\/ajanlat\/szobak\/\" target=\"_self\"> <img decoding=\"async\" src=\"http:\/\/usiarosia.pl\/wp-content\/uploads\/2015\/09\/pokoje-do-wynajecia-weg.png\" alt=\"Kiad\u00f3 szob\u00e1k\" class=\"img-responsive\"\/><\/a><\/span><\/div><\/div><\/div><div class=\"fusion-one-fourth fusion-layout-column fusion-spacing-yes\" style=\"margin-top:0px;margin-bottom:20px;\"><div class=\"fusion-column-wrapper\"><div class=\"imageframe-align-center\"><span class=\"fusion-imageframe imageframe-none imageframe-3 fusion-animated\" data-animationType=\"zoomIn\" data-animationDuration=\"0.1\"><a href=\"\/hu\/attrakciok\/\" target=\"_self\"> <img decoding=\"async\" src=\"http:\/\/usiarosia.pl\/wp-content\/uploads\/2015\/09\/okoliczne-atrakcje-weg.png\" alt=\"Helyi attrakci\u00f3k\" class=\"img-responsive\"\/><\/a><\/span><\/div><\/div><\/div><div class=\"fusion-one-fourth fusion-layout-column fusion-column-last fusion-spacing-yes\" style=\"margin-top:0px;margin-bottom:20px;\"><div class=\"fusion-column-wrapper\"><div class=\"imageframe-align-center\"><span class=\"fusion-imageframe imageframe-none imageframe-4 fusion-animated\" data-animationType=\"zoomIn\" data-animationDuration=\"0.1\"><a href=\"\/hu\/fogadunk-allatokat\/\" target=\"_self\"> <img decoding=\"async\" src=\"http:\/\/usiarosia.pl\/wp-content\/uploads\/2015\/09\/akceptujemy-zwierzeta-weg.png\" alt=\"Fogadunk \u00e1llatokat\" class=\"img-responsive\"\/><\/a><\/span><\/div><\/div><\/div><div class=\"fusion-clearfix\"><\/div><\/div><\/div><div class=\"fusion-fullwidth fullwidth-box fusion-parallax-none hundred-percent-fullwidth\" style=\"border-color:#eae9e9;border-bottom-width: 0px;border-top-width: 0px;border-bottom-style: solid;border-top-style: solid;padding-bottom:20px;padding-left:0px;padding-right:0px;padding-top:20px;background-color:#f1eada;background-position:left top;background-repeat:no-repeat;-webkit-background-size:cover;-moz-background-size:cover;-o-background-size:cover;background-size:cover;\"><div class=\"fusion-row\"><div class=\"fusion-one-sixth fusion-layout-column fusion-spacing-yes fusion-hide-on-mobile\" style=\"margin-top:0px;margin-bottom:20px;\"><div class=\"fusion-column-wrapper\"><span style=\"margin-left:25px;float:right;\" class=\"fusion-imageframe imageframe-none imageframe-5 main-ornament-img fusion-hide-on-mobile\"> <img decoding=\"async\" src=\"http:\/\/usiarosia.pl\/wp-content\/uploads\/2015\/04\/ornament01.png\" alt=\"ornament 01\" class=\"img-responsive\"\/><\/span><\/div><\/div><div class=\"fusion-one-third one_third fusion-layout-column fusion-spacing-yes\" style=\"margin-top:0px;margin-bottom:20px;\"><div class=\"fusion-column-wrapper\" style=\"padding:10px;\"><h2><img decoding=\"async\" loading=\"lazy\" class=\"alignleft wp-image-13495 size-full\" src=\"http:\/\/usiarosia.pl\/wp-content\/uploads\/2015\/09\/wypoczynek-napis-weg.png\" alt=\"\" width=\"545\" height=\"40\" srcset=\"http:\/\/usiarosia.pl\/wp-content\/uploads\/2015\/09\/wypoczynek-napis-weg.png 545w, http:\/\/usiarosia.pl\/wp-content\/uploads\/2015\/09\/wypoczynek-napis-weg-300x22.png 300w, http:\/\/usiarosia.pl\/wp-content\/uploads\/2015\/09\/wypoczynek-napis-weg-540x40.png 540w\" sizes=\"(max-width: 545px) 100vw, 545px\" \/><\/h2>\n<p style=\"text-align: left;\" align=\"CENTER\"><span lang=\"hu-HU\">Min\u0151s\u00e9gi sz\u00e1ll\u00e1st biztos\u00edtunk. A h\u00e1zunk k\u00fcsz\u00f6b\u00e9t \u00e1tl\u00e9pve, m\u00e1r a mi dolgunk, hogy az \u00d6n\u00f6k tart\u00f3zkod\u00e1sa n\u00e1lunk ( id\u0151j\u00e1r\u00e1sra val\u00f3 tekintet n\u00e9lk\u00fcl ) felejthetetlenn\u00e9 v\u00e1ljon.<\/span><\/p>\n<p style=\"text-align: left;\" align=\"CENTER\"><span lang=\"hu-HU\">A villa szob\u00e1i \u00e9s berendez\u00e9se f\u00e1b\u00f3l \u00e9s k\u0151b\u0151l\u2013 a Podhale r\u00e9gi\u00f3 sz\u00e1m\u00e1ra jellegzetes anyagokb\u00f3l \u2013 k\u00e9sz\u00fclt. A h\u00e1zat h\u00edmzett ter\u00edt\u0151k, falusi sz\u0151nyegek \u00e9s szobrok \u2013 a helyi m\u0171v\u00e9szek m\u0171alkot\u00e1sai &#8211; d\u00edsz\u00edtik.<\/span><\/p>\n<p style=\"text-align: left;\" align=\"CENTER\"><span lang=\"hu-HU\">A vill\u00e1nk Ko\u015bcielisko nev\u0171 &#8211; a T\u00e1tra-hegys\u00e9g l\u00e1b\u00e1n\u00e1l fekv\u0151 &#8211; falu k\u00f6zpontj\u00e1ban tal\u00e1lhat\u00f3. Az ablakaib\u00f3l fest\u0151i kil\u00e1t\u00e1s ny\u00edlik a csod\u00e1latos hegyi panor\u00e1m\u00e1ra. Vend\u00e9geinkkel egy\u00fctt nap mind nap \u00e9lvezz\u00fck a T\u00e1tra v\u00e1ltoz\u00f3 l\u00e1tv\u00e1ny\u00e1t.<\/span><\/p>\n<p style=\"text-align: left;\" align=\"CENTER\"><span lang=\"hu-HU\">Az \u00d6n\u00f6k rendelkez\u00e9s\u00e9re \u00e1ll\u00f3 sz\u00e1ll\u00e1sok \u2013 t\u00e1gas szob\u00e1k \u00e9s apartmanok, az intimit\u00e1st szeret\u0151kre pedig k\u00fcl\u00f6n h\u00e1z v\u00e1r.<\/span><\/p>\n<p>&nbsp;<\/p>\n<div class=\"fusion-button-wrapper fusion-alignleft\"><style type=\"text\/css\" scoped=\"scoped\">.fusion-button.button-1{border-width:0px;color:#ffffff;border-color:#ffffff;}.fusion-button.button-1:hover,.fusion-button.button-1:focus,.fusion-button.button-1:active{border-width:0px;border-color:#ffffff;color:#ffffff;}.fusion-button.button-1{background: #ea9044;}.fusion-button.button-1:hover,.button-1:focus,.fusion-button.button-1:active{background: #ea9044;}<\/style><a class=\"fusion-button button-flat button-square button-large button-custom button-1\" target=\"_self\" href=\"\/hu\/rolunk\/\"><span class=\"fusion-button-text\">R\u00f3lunk tov\u00e1bb<\/span><\/a><\/div>\n<\/div><\/div><div class=\"fusion-one-third one_third fusion-layout-column fusion-spacing-yes main-yt-wrapper\" style=\"margin-top:0px;margin-bottom:20px;\"><div class=\"fusion-column-wrapper\" style=\"padding:10px;\"><div class=\"fusion-video fusion-youtube\" style=\"max-width:600px;max-height:350px;\"><div class=\"video-shortcode\"><iframe title=\"YouTube video player\" src=\"http:\/\/www.youtube.com\/embed\/ic23YacH_X8?wmode=transparent\" width=\"600\" height=\"350\" frameborder=\"0\" allowfullscreen><\/iframe><\/div><\/div><\/div><\/div><div class=\"fusion-one-sixth fusion-layout-column fusion-column-last fusion-spacing-yes fusion-hide-on-mobile\" style=\"margin-top:0px;margin-bottom:20px;\"><div class=\"fusion-column-wrapper\"><span style=\"margin-right:25px;float:left;\" class=\"fusion-imageframe imageframe-none imageframe-6 main-ornament-img fusion-hide-on-mobile\"> <img decoding=\"async\" src=\"http:\/\/usiarosia.pl\/wp-content\/uploads\/2015\/04\/ornament02.png\" alt=\"ornament 02\" class=\"img-responsive\"\/><\/span><\/div><\/div><div class=\"fusion-clearfix\"><\/div><\/div><\/div><div class=\"fusion-fullwidth fullwidth-box fusion-parallax-none\" style=\"border-color:#eae9e9;border-bottom-width: 0px;border-top-width: 0px;border-bottom-style: solid;border-top-style: solid;padding-bottom:20px;padding-left:0px;padding-right:0px;padding-top:40px;background-position:left top;background-repeat:no-repeat;-webkit-background-size:cover;-moz-background-size:cover;-o-background-size:cover;background-size:cover;\"><div class=\"fusion-row\"><div class=\"fusion-one-fourth fusion-layout-column fusion-spacing-yes\" style=\"margin-top:0px;margin-bottom:20px;\"><div class=\"fusion-column-wrapper\"><\/div><\/div><div class=\"fusion-one-half fusion-layout-column fusion-spacing-yes\" style=\"margin-top:0px;margin-bottom:20px;\"><div class=\"fusion-column-wrapper\"><p><img decoding=\"async\" loading=\"lazy\" class=\"aligncenter wp-image-13496 size-full\" src=\"http:\/\/usiarosia.pl\/wp-content\/uploads\/2015\/09\/nasze-zalety-weg.png\" alt=\"\" width=\"393\" height=\"68\" srcset=\"http:\/\/usiarosia.pl\/wp-content\/uploads\/2015\/09\/nasze-zalety-weg.png 393w, http:\/\/usiarosia.pl\/wp-content\/uploads\/2015\/09\/nasze-zalety-weg-300x52.png 300w\" sizes=\"(max-width: 393px) 100vw, 393px\" \/><\/p>\n<\/div><\/div><div class=\"fusion-one-fourth fusion-layout-column fusion-column-last fusion-spacing-yes\" style=\"margin-top:0px;margin-bottom:20px;\"><div class=\"fusion-column-wrapper\"><\/div><\/div><div class=\"fusion-clearfix\"><\/div><div class=\"fusion-content-boxes content-boxes columns fusion-columns-6 fusion-content-boxes-1 content-boxes-icon-on-top row content-left\" style=\"margin-top:0px;margin-bottom:0px;\"><div class=\"fusion-column content-box-column content-box-column-1 col-lg-2 col-md-2 col-sm-2\"><div class=\"col content-wrapper\"><div class=\"heading heading-with-icon icon-left\"><div class=\"image\"><img src=\"http:\/\/usiarosia.pl\/wp-content\/uploads\/2015\/04\/zwierzeta.png\" width=\"120\" height=\"120\" alt=\"\" \/><\/div><h2 class=\"content-box-heading\" style=\"font-size: 18px;line-height:20px;\">Fogadunk \u00e1llatokat<\/h2><\/div><div class=\"fusion-clearfix\"><\/div><div class=\"content-container\"> <\/div><\/div><\/div><div class=\"fusion-column content-box-column content-box-column-2 col-lg-2 col-md-2 col-sm-2\"><div class=\"col content-wrapper\"><div class=\"heading heading-with-icon icon-left\"><div class=\"image\"><img src=\"http:\/\/usiarosia.pl\/wp-content\/uploads\/2015\/04\/kawa.png\" width=\"120\" height=\"120\" alt=\"\" \/><\/div><h2 class=\"content-box-heading\" style=\"font-size: 18px;line-height:20px;\">K\u00e1v\u00e9 \u00e9s tea ingyen<\/h2><\/div><div class=\"fusion-clearfix\"><\/div><div class=\"content-container\"> <\/div><\/div><\/div><div class=\"fusion-column content-box-column content-box-column-3 col-lg-2 col-md-2 col-sm-2\"><div class=\"col content-wrapper\"><div class=\"heading heading-with-icon icon-left\"><div class=\"image\"><img src=\"http:\/\/usiarosia.pl\/wp-content\/uploads\/2015\/04\/zabawki.png\" width=\"120\" height=\"120\" alt=\"\" \/><\/div><h2 class=\"content-box-heading\" style=\"font-size: 18px;line-height:20px;\">J\u00e1t\u00e9kok a gyerekeknek<\/h2><\/div><div class=\"fusion-clearfix\"><\/div><div class=\"content-container\"> <\/div><\/div><\/div><div class=\"fusion-column content-box-column content-box-column-4 col-lg-2 col-md-2 col-sm-2\"><div class=\"col content-wrapper\"><div class=\"heading heading-with-icon icon-left\"><div class=\"image\"><img src=\"http:\/\/usiarosia.pl\/wp-content\/uploads\/2015\/04\/kominek.png\" width=\"120\" height=\"120\" alt=\"\" \/><\/div><h2 class=\"content-box-heading\" style=\"font-size: 18px;line-height:20px;\">Kandall\u00f3s nappali<\/h2><\/div><div class=\"fusion-clearfix\"><\/div><div class=\"content-container\"> <\/div><\/div><\/div><div class=\"fusion-column content-box-column content-box-column-5 col-lg-2 col-md-2 col-sm-2\"><div class=\"col content-wrapper\"><div class=\"heading heading-with-icon icon-left\"><div class=\"image\"><img src=\"http:\/\/usiarosia.pl\/wp-content\/uploads\/2015\/04\/plac-zabaw.png\" width=\"120\" height=\"120\" alt=\"\" \/><\/div><h2 class=\"content-box-heading\" style=\"font-size: 18px;line-height:20px;\">Kert j\u00e1tsz\u00f3t\u00e9rrel<\/h2><\/div><div class=\"fusion-clearfix\"><\/div><div class=\"content-container\"> <\/div><\/div><\/div><div class=\"fusion-column content-box-column content-box-column-6 col-lg-2 col-md-2 col-sm-2\"><div class=\"col content-wrapper\"><div class=\"heading heading-with-icon icon-left\"><div class=\"image\"><img src=\"http:\/\/usiarosia.pl\/wp-content\/uploads\/2015\/04\/sauna.png\" width=\"120\" height=\"120\" alt=\"\" \/><\/div><h2 class=\"content-box-heading\" style=\"font-size: 18px;line-height:20px;\">Relax\u00e1l\u00f3 szauna<\/h2><\/div><div class=\"fusion-clearfix\"><\/div><div class=\"content-container\"> <\/div><\/div><\/div><div class=\"fusion-clearfix\"><\/div><div class=\"fusion-clearfix\"><\/div><\/div><\/div><\/div><div class=\"fusion-fullwidth fullwidth-box fusion-parallax-none\" style=\"border-color:#eae9e9;border-bottom-width: 0px;border-top-width: 0px;border-bottom-style: solid;border-top-style: solid;padding-bottom:20px;padding-left:0px;padding-right:0px;padding-top:40px;background-color:#f1eada;background-position:left top;background-repeat:no-repeat;-webkit-background-size:cover;-moz-background-size:cover;-o-background-size:cover;background-size:cover;\"><div class=\"fusion-row\"><div class=\"fusion-three-fifth fusion-layout-column fusion-spacing-yes\" style=\"margin-top:0px;margin-bottom:20px;\"><div class=\"fusion-column-wrapper\"><span style=\"margin-right:25px;float:left;\" class=\"fusion-imageframe imageframe-none imageframe-7 fusion-animated\" data-animationType=\"zoomIn\" data-animationDuration=\"0.1\"> <img decoding=\"async\" src=\"http:\/\/usiarosia.pl\/wp-content\/uploads\/2015\/09\/goralska-atmosfera-napis-weg.png\" alt=\"Nasze panoramy\" class=\"img-responsive\"\/><\/span><\/div><\/div><div class=\"fusion-two-fifth fusion-layout-column fusion-column-last fusion-spacing-yes\" style=\"margin-top:20px;margin-bottom:20px;\"><div class=\"fusion-column-wrapper\"><div class=\"fusion-button-wrapper fusion-aligncenter\"><style type=\"text\/css\" scoped=\"scoped\">.fusion-button.button-2{border-width:0px;color:#ffffff;border-color:#ffffff;}.fusion-button.button-2:hover,.fusion-button.button-2:focus,.fusion-button.button-2:active{border-width:0px;border-color:#784910;color:#784910;}.fusion-button.button-2{background: #ea9044;}.fusion-button.button-2:hover,.button-2:focus,.fusion-button.button-2:active{background: #ea9044;}<\/style><a class=\"fusion-button button-flat button-square button-xlarge button-custom button-2\" target=\"_self\" href=\"\/hu\/keptar\/panoramak\/\"><span class=\"fusion-button-text\">Tekintse meg panor\u00e1mainkat<\/span><i class=\"fa fa-chevron-right button-icon-right\"><\/i><\/a><\/div><\/div><\/div><div class=\"fusion-clearfix\"><\/div><\/div><\/div><div class=\"fusion-fullwidth fullwidth-box fusion-parallax-none\" style=\"border-color:#eae9e9;border-bottom-width: 0px;border-top-width: 0px;border-bottom-style: solid;border-top-style: solid;padding-bottom:20px;padding-left:0px;padding-right:0px;padding-top:40px;background-position:left top;background-repeat:no-repeat;-webkit-background-size:cover;-moz-background-size:cover;-o-background-size:cover;background-size:cover;\"><div class=\"fusion-row\"><div class=\"fusion-one-fourth fusion-layout-column fusion-spacing-yes\" style=\"margin-top:0px;margin-bottom:20px;\"><div class=\"fusion-column-wrapper\"><\/div><\/div><div class=\"fusion-one-half fusion-layout-column fusion-spacing-yes\" style=\"margin-top:0px;margin-bottom:20px;\"><div class=\"fusion-column-wrapper\"><p style=\"text-align: center;\"><a href=\"\/hu\/keptar\/fenykepek\/\"><img decoding=\"async\" loading=\"lazy\" class=\"aligncenter wp-image-13498 size-full\" src=\"http:\/\/usiarosia.pl\/wp-content\/uploads\/2015\/09\/galeria-weg.png\" alt=\"\" width=\"318\" height=\"68\" srcset=\"http:\/\/usiarosia.pl\/wp-content\/uploads\/2015\/09\/galeria-weg.png 318w, http:\/\/usiarosia.pl\/wp-content\/uploads\/2015\/09\/galeria-weg-300x64.png 300w\" sizes=\"(max-width: 318px) 100vw, 318px\" \/><\/a><\/p>\n<\/div><\/div><div class=\"fusion-one-fourth fusion-layout-column fusion-column-last fusion-spacing-yes\" style=\"margin-top:0px;margin-bottom:20px;\"><div class=\"fusion-column-wrapper\"><\/div><\/div><div class=\"fusion-clearfix\"><\/div><div class=\"fusion-one-third one_third fusion-layout-column fusion-spacing-yes\" style=\"margin-top:0px;margin-bottom:20px;\"><div class=\"fusion-column-wrapper\"><div class=\"imageframe-align-center\"><span class=\"fusion-imageframe imageframe-none imageframe-8\"><a href=\"http:\/\/usiarosia.pl\/wp-content\/uploads\/2015\/04\/domek_61.jpg\" class=\"lightbox-shortcode\" data-rel=\"iLightbox[69defa4bb346b]\" data-title=\"domek_6\"> <img decoding=\"async\" src=\"http:\/\/usiarosia.pl\/wp-content\/uploads\/2015\/04\/domek_61.jpg\" alt=\"\" class=\"img-responsive\"\/><\/a><\/span><\/div><\/div><\/div><div class=\"fusion-one-third one_third fusion-layout-column fusion-spacing-yes\" style=\"margin-top:0px;margin-bottom:20px;\"><div class=\"fusion-column-wrapper\"><div class=\"imageframe-align-center\"><span class=\"fusion-imageframe imageframe-none imageframe-9\"><a href=\"http:\/\/usiarosia.pl\/wp-content\/uploads\/2015\/04\/jadalnia_121.jpg\" class=\"lightbox-shortcode\" data-rel=\"iLightbox[69defa4bb5263]\" data-title=\"jadalnia_12\"> <img decoding=\"async\" src=\"http:\/\/usiarosia.pl\/wp-content\/uploads\/2015\/04\/jadalnia_121.jpg\" alt=\"\" class=\"img-responsive\"\/><\/a><\/span><\/div><\/div><\/div><div class=\"fusion-one-third one_third fusion-layout-column fusion-column-last fusion-spacing-yes\" style=\"margin-top:0px;margin-bottom:20px;\"><div class=\"fusion-column-wrapper\"><div class=\"imageframe-align-center\"><span class=\"fusion-imageframe imageframe-none imageframe-10\"><a href=\"http:\/\/usiarosia.pl\/wp-content\/uploads\/2015\/04\/jadalnia_71.jpg\" class=\"lightbox-shortcode\" data-rel=\"iLightbox[69defa4bb8258]\" data-title=\"jadalnia_7\"> <img decoding=\"async\" src=\"http:\/\/usiarosia.pl\/wp-content\/uploads\/2015\/04\/jadalnia_71.jpg\" alt=\"\" class=\"img-responsive\"\/><\/a><\/span><\/div><\/div><\/div><div class=\"fusion-clearfix\"><\/div><div class=\"fusion-one-third one_third fusion-layout-column fusion-spacing-yes\" style=\"margin-top:0px;margin-bottom:20px;\"><div class=\"fusion-column-wrapper\"><div class=\"imageframe-align-center\"><span class=\"fusion-imageframe imageframe-none imageframe-11\"><a href=\"http:\/\/usiarosia.pl\/wp-content\/uploads\/2015\/04\/08_pokoj_12.jpg\" class=\"lightbox-shortcode\" data-rel=\"iLightbox[69defa4bbc7a3]\" data-title=\"08_pokoj_12\"> <img decoding=\"async\" src=\"http:\/\/usiarosia.pl\/wp-content\/uploads\/2015\/04\/08_pokoj_12.jpg\" alt=\"\" class=\"img-responsive\"\/><\/a><\/span><\/div><\/div><\/div><div class=\"fusion-one-third one_third fusion-layout-column fusion-spacing-yes\" style=\"margin-top:0px;margin-bottom:20px;\"><div class=\"fusion-column-wrapper\"><div class=\"imageframe-align-center\"><span class=\"fusion-imageframe imageframe-none imageframe-12\"><a href=\"http:\/\/usiarosia.pl\/wp-content\/uploads\/2015\/04\/06_pokoj_6.jpg\" class=\"lightbox-shortcode\" data-rel=\"iLightbox[69defa4bbef8d]\"> <img decoding=\"async\" src=\"http:\/\/usiarosia.pl\/wp-content\/uploads\/2015\/04\/06_pokoj_6.jpg\" alt=\"\" class=\"img-responsive\"\/><\/a><\/span><\/div><\/div><\/div><div class=\"fusion-one-third one_third fusion-layout-column fusion-column-last fusion-spacing-yes\" style=\"margin-top:0px;margin-bottom:20px;\"><div class=\"fusion-column-wrapper\"><div class=\"imageframe-align-center\"><span class=\"fusion-imageframe imageframe-none imageframe-13\"><a href=\"http:\/\/usiarosia.pl\/wp-content\/uploads\/2015\/04\/01_pokoj_41.jpg\" class=\"lightbox-shortcode\" data-rel=\"iLightbox[69defa4bc1594]\" data-title=\"01_pokoj_4\"> <img decoding=\"async\" src=\"http:\/\/usiarosia.pl\/wp-content\/uploads\/2015\/04\/01_pokoj_41.jpg\" alt=\"\" class=\"img-responsive\"\/><\/a><\/span><\/div><\/div><\/div><div class=\"fusion-clearfix\"><\/div><\/div><\/div><div class=\"fusion-fullwidth fullwidth-box fusion-parallax-none\" style=\"border-color:#eae9e9;border-bottom-width: 0px;border-top-width: 0px;border-bottom-style: solid;border-top-style: solid;padding-bottom:20px;padding-left:0px;padding-right:0px;padding-top:40px;background-color:#f1eada;background-position:left top;background-repeat:no-repeat;-webkit-background-size:cover;-moz-background-size:cover;-o-background-size:cover;background-size:cover;\"><div class=\"fusion-row\"><div class=\"fusion-one-fourth fusion-layout-column fusion-spacing-yes\" style=\"margin-top:0px;margin-bottom:20px;\"><div class=\"fusion-column-wrapper\"><div class=\"imageframe-align-center\"><span class=\"fusion-imageframe imageframe-none imageframe-14\"> <img decoding=\"async\" src=\"http:\/\/usiarosia.pl\/wp-content\/uploads\/2015\/04\/gorki01.png\" alt=\"\" class=\"img-responsive\"\/><\/span><\/div><\/div><\/div><div class=\"fusion-one-half fusion-layout-column fusion-spacing-yes\" style=\"margin-top:20px;margin-bottom:20px;\"><div class=\"fusion-column-wrapper\"><div class=\"fusion-button-wrapper fusion-aligncenter\"><style type=\"text\/css\" scoped=\"scoped\">.fusion-button.button-3{border-width:0px;color:#ffffff;border-color:#ffffff;}.fusion-button.button-3:hover,.fusion-button.button-3:focus,.fusion-button.button-3:active{border-width:0px;border-color:#784910;color:#784910;}.fusion-button.button-3{background: #ea9044;}.fusion-button.button-3:hover,.button-3:focus,.fusion-button.button-3:active{background: #ea9044;}<\/style><a class=\"fusion-button button-flat button-square button-xlarge button-custom button-3\" target=\"_self\" href=\"\/hu\/elerhetoseg-es-szobafoglalas\/\"><span class=\"fusion-button-text\">Foglaljon Most<\/span><i class=\"fa fa-chevron-right button-icon-right\"><\/i><\/a><\/div><\/div><\/div><div class=\"fusion-one-fourth fusion-layout-column fusion-column-last fusion-spacing-yes\" style=\"margin-top:0px;margin-bottom:20px;\"><div class=\"fusion-column-wrapper\"><div class=\"imageframe-align-center\"><span class=\"fusion-imageframe imageframe-none imageframe-15\"> <img decoding=\"async\" src=\"http:\/\/usiarosia.pl\/wp-content\/uploads\/2015\/04\/gorki01.png\" alt=\"\" class=\"img-responsive\"\/><\/span><\/div><\/div><\/div><div class=\"fusion-clearfix\"><\/div><\/div><\/div>\n","protected":false},"excerpt":{"rendered":"","protected":false},"author":2,"featured_media":0,"parent":0,"menu_order":0,"comment_status":"open","ping_status":"open","template":"100-width.php","meta":{"ngg_post_thumbnail":0,"spay_email":""},"jetpack_sharing_enabled":true,"jetpack_shortlink":"https:\/\/wp.me\/P67Dl8-3sG","_links":{"self":[{"href":"http:\/\/usiarosia.pl\/hu\/wp-json\/wp\/v2\/pages\/13310"}],"collection":[{"href":"http:\/\/usiarosia.pl\/hu\/wp-json\/wp\/v2\/pages"}],"about":[{"href":"http:\/\/usiarosia.pl\/hu\/wp-json\/wp\/v2\/types\/page"}],"author":[{"embeddable":true,"href":"http:\/\/usiarosia.pl\/hu\/wp-json\/wp\/v2\/users\/2"}],"replies":[{"embeddable":true,"href":"http:\/\/usiarosia.pl\/hu\/wp-json\/wp\/v2\/comments?post=13310"}],"version-history":[{"count":5,"href":"http:\/\/usiarosia.pl\/hu\/wp-json\/wp\/v2\/pages\/13310\/revisions"}],"predecessor-version":[{"id":13500,"href":"http:\/\/usiarosia.pl\/hu\/wp-json\/wp\/v2\/pages\/13310\/revisions\/13500"}],"wp:attachment":[{"href":"http:\/\/usiarosia.pl\/hu\/wp-json\/wp\/v2\/media?parent=13310"}],"curies":[{"name":"wp","href":"https:\/\/api.w.org\/{rel}","templated":true}]}}