{"id":12924,"date":"2015-08-19T07:05:11","date_gmt":"2015-08-19T07:05:11","guid":{"rendered":"http:\/\/usiarosia.pl\/de\/?page_id=12924"},"modified":"2015-09-01T13:28:50","modified_gmt":"2015-09-01T13:28:50","slug":"preisliste","status":"publish","type":"page","link":"http:\/\/usiarosia.pl\/de\/preisliste\/","title":{"rendered":"Preisliste"},"content":{"rendered":"<div class=\"fusion-fullwidth fullwidth-box fusion-parallax-none\" style=\"border-color:#eae9e9;border-bottom-width: 0px;border-top-width: 0px;border-bottom-style: solid;border-top-style: solid;padding-bottom:20px;padding-left:0px;padding-right:0px;padding-top:20px;background-position:left top;background-repeat:no-repeat;-webkit-background-size:cover;-moz-background-size:cover;-o-background-size:cover;background-size:cover;\"><div class=\"fusion-row\"><p><strong>PREISLISTE<\/strong><\/p>\n<p>Zimmerpreise verstehen sich pro Person<\/p>\n<p>Bleiben Sie bis zu 5 Tage (einschlie\u00dflich) f\u00fcr Erwachsene betr\u00e4gt 50 PLN pro Nacht kosten.<\/p>\n<p>Bleiben Erwachsenen im Zimmer 2- Bett &#8211; 50 PLN.<\/p>\n<p>Bleiben Sie bis zu 5 Tage f\u00fcr das Kind &#8211; 35 PLN pro Tag.<\/p>\n<p>Aufenthalt \u00fcber 5 Tage sind die Kosten f\u00fcr einen Erwachsenen und Kind 40 PLN 25 PLN \/ Tag<\/p>\n<p>Bleiben Hunderasse kleine und mittlere 10 PLN \/ Tag , Rasse Hoch 20 PLN \/ Tag (der Preis beinhaltet eine Betreuung in Ermangelung eines solchen Inhaber. zu Fu\u00df) .<\/p>\n<p>Kinder unter 4 Jahren kostenlos, wenn sie getrennt schlafen &#8211; 20 PLN \/ Tag<\/p>\n<p>15 -J\u00e4hrige &#8211; ein Erwachsener<\/p>\n<p>Die Bedingung f\u00fcr eine erfolgreiche Reservierung und ihre Erhaltung ist die Einzahlung von mindestens 20% des Aufenthalts-Preises. Die Einzahlung soll nicht kleiner als Kosten eines eint\u00e4gigen Aufenthalts sein und sie soll innerhalb von 24 Stunden von der E-Mail \u2013 Reservierung auf die unten angegebene Kontonummer erfolgen. Gleich nach dem Erhalt der Einzahlung wird der Gast sofort \u00fcber die Einnahme der Summe von uns informiert und seine Reservierung wird fest best\u00e4tigt.<\/p>\n<p>ING Bank Slaski S.A SWIFT: INGBPLPW<\/p>\n<p>nr.;PL 14 1050 1474 1000 0090 6731 4816,<br \/>\nJanusz Wojciech N\u0119dza<br \/>\nAls Best\u00e4tigung markieren Sie bitte in der \u00dcberweisung das Datum und den Ortsnamen des Aufenthaltes von\u2026bis<\/p>\n<p>&nbsp;<\/p>\n<p>WIR LADEN SIE HERZLICH EIN<\/p>\n<\/div><\/div>\n","protected":false},"excerpt":{"rendered":"","protected":false},"author":2,"featured_media":0,"parent":0,"menu_order":0,"comment_status":"open","ping_status":"open","template":"100-width.php","meta":{"ngg_post_thumbnail":0,"spay_email":""},"jetpack_sharing_enabled":true,"jetpack_shortlink":"https:\/\/wp.me\/P67Dl8-3ms","_links":{"self":[{"href":"http:\/\/usiarosia.pl\/de\/wp-json\/wp\/v2\/pages\/12924"}],"collection":[{"href":"http:\/\/usiarosia.pl\/de\/wp-json\/wp\/v2\/pages"}],"about":[{"href":"http:\/\/usiarosia.pl\/de\/wp-json\/wp\/v2\/types\/page"}],"author":[{"embeddable":true,"href":"http:\/\/usiarosia.pl\/de\/wp-json\/wp\/v2\/users\/2"}],"replies":[{"embeddable":true,"href":"http:\/\/usiarosia.pl\/de\/wp-json\/wp\/v2\/comments?post=12924"}],"version-history":[{"count":4,"href":"http:\/\/usiarosia.pl\/de\/wp-json\/wp\/v2\/pages\/12924\/revisions"}],"predecessor-version":[{"id":13262,"href":"http:\/\/usiarosia.pl\/de\/wp-json\/wp\/v2\/pages\/12924\/revisions\/13262"}],"wp:attachment":[{"href":"http:\/\/usiarosia.pl\/de\/wp-json\/wp\/v2\/media?parent=12924"}],"curies":[{"name":"wp","href":"https:\/\/api.w.org\/{rel}","templated":true}]}}