{"id":12802,"date":"2015-04-21T09:57:32","date_gmt":"2015-04-21T09:57:32","guid":{"rendered":"http:\/\/usiarosia.pl\/de\/?page_id=12802"},"modified":"2022-05-11T11:40:30","modified_gmt":"2022-05-11T11:40:30","slug":"strona-glowna","status":"publish","type":"page","link":"http:\/\/usiarosia.pl\/de\/","title":{"rendered":"Strona g\u0142\u00f3wna"},"content":{"rendered":"<div class=\"fusion-fullwidth fullwidth-box fusion-parallax-none\" style=\"border-color:#eae9e9;border-bottom-width: 0px;border-top-width: 0px;border-bottom-style: solid;border-top-style: solid;padding-bottom:20px;padding-left:0px;padding-right:0px;padding-top:40px;background-position:left top;background-repeat:no-repeat;-webkit-background-size:cover;-moz-background-size:cover;-o-background-size:cover;background-size:cover;\"><div class=\"fusion-row\"><div class=\"fusion-one-third one_third fusion-layout-column fusion-spacing-yes\" style=\"margin-top:0px;margin-bottom:20px;\"><div class=\"fusion-column-wrapper\"><div class=\"imageframe-align-center\"><span class=\"fusion-imageframe imageframe-none imageframe-1 fusion-animated\" data-animationType=\"zoomIn\" data-animationDuration=\"0.1\"><a href=\"\/samodzielny-domek\/\" target=\"_self\"> <img decoding=\"async\" src=\"http:\/\/usiarosia.pl\/wp-content\/uploads\/2015\/04\/samodzielny-domek.png\" alt=\"Samodzielny Domek\"><\/a><\/span><\/div><\/div><\/div><div class=\"fusion-one-third one_third fusion-layout-column fusion-spacing-yes\" style=\"margin-top:0px;margin-bottom:20px;\"><div class=\"fusion-column-wrapper\"><div class=\"imageframe-align-center\"><span class=\"fusion-imageframe imageframe-none imageframe-2 fusion-animated\" data-animationType=\"zoomIn\" data-animationDuration=\"0.1\"><a href=\"\/pokoje\/\" target=\"_self\"> <img decoding=\"async\" src=\"http:\/\/usiarosia.pl\/wp-content\/uploads\/2015\/04\/pokoje-do-wynajecia.png\" alt=\"Pokoje do wynaj\u0119cia\"><\/a><\/span><\/div><\/div><\/div><div class=\"fusion-one-third one_third fusion-layout-column fusion-column-last fusion-spacing-yes\" style=\"margin-top:0px;margin-bottom:20px;\"><div class=\"fusion-column-wrapper\"><div class=\"imageframe-align-center\"><span class=\"fusion-imageframe imageframe-none imageframe-3 fusion-animated\" data-animationType=\"zoomIn\" data-animationDuration=\"0.1\"><a href=\"\/atrakcje\" target=\"_self\"> <img decoding=\"async\" src=\"http:\/\/usiarosia.pl\/wp-content\/uploads\/2015\/04\/okoliczne-atrakcje.png\" alt=\"Okoliczne Atrakcje\"><\/a><\/span><\/div><\/div><\/div><div class=\"fusion-clearfix\"><\/div><\/div><\/div><div class=\"fusion-fullwidth fullwidth-box fusion-parallax-none hundred-percent-fullwidth\" style=\"border-color:#eae9e9;border-bottom-width: 0px;border-top-width: 0px;border-bottom-style: solid;border-top-style: solid;padding-bottom:20px;padding-left:0px;padding-right:0px;padding-top:20px;background-color:#f1eada;background-position:left top;background-repeat:no-repeat;-webkit-background-size:cover;-moz-background-size:cover;-o-background-size:cover;background-size:cover;\"><div class=\"fusion-row\"><div class=\"fusion-one-sixth fusion-layout-column fusion-spacing-yes fusion-hide-on-mobile\" style=\"margin-top:0px;margin-bottom:20px;\"><div class=\"fusion-column-wrapper\"><span style=\"margin-left:25px;float:right;\" class=\"fusion-imageframe imageframe-none imageframe-4 main-ornament-img fusion-hide-on-mobile\"> <img decoding=\"async\" src=\"http:\/\/usiarosia.pl\/wp-content\/uploads\/2015\/04\/ornament01.png\" alt=\"ornament 01\"><\/span><\/div><\/div><div class=\"fusion-one-third one_third fusion-layout-column fusion-spacing-yes\" style=\"margin-top:0px;margin-bottom:20px;\"><div class=\"fusion-column-wrapper\" style=\"padding:10px;\"><h2><img decoding=\"async\" loading=\"lazy\" class=\"alignleft size-full wp-image-11852\" src=\"http:\/\/usiarosia.pl\/wp-content\/uploads\/2015\/04\/wypoczynek-napis.png\" alt=\"wypoczynek-napis\" width=\"530\" height=\"40\" srcset=\"http:\/\/usiarosia.pl\/wp-content\/uploads\/2015\/04\/wypoczynek-napis.png 530w, http:\/\/usiarosia.pl\/wp-content\/uploads\/2015\/04\/wypoczynek-napis-300x23.png 300w\" sizes=\"(max-width: 530px) 100vw, 530px\" \/><\/h2>\n<p>Oferujemy noclegi o wysokim standardzie. Przest\u0119puj\u0105c progi naszego domu,postaramy si\u0119 aby pobyt Panstwa u nas ( bez wzgl\u0119du na pogod\u0119 ) by\u0142 niezapomniany.<\/p>\n<p>Pokoje i wn\u0119trze willi wykonane jest z drewna i kamienia- materia\u0142\u00f3w charakterystycznych dla Podhala. Dom zdobi\u0105 serwetki , wiejskie chodniki oraz rze\u017cby &#8211; dzie\u0142a miejscowych artyst\u00f3w.<\/p>\n<p>Nasza willa po\u0142o\u017cona jest w centrum Ko\u015bcieliska- wsi po\u0142o\u017conej u podn\u00f3\u017ca Tatr. Z okien rozpo\u015bciera si\u0119 widok na malownicz\u0105 g\u00f3rsk\u0105 panoram\u0119. Razem z naszymi go\u015b\u0107mi , codziennie jeste\u015bmy \u015bwiadkami , jak krajobraz Tatr zmienia si\u0119 na tle nieba .<\/p>\n<p>Przygotowali\u015bmy dla Pa\u0144stwa kwatery- przestronne pokoje, apartamenty a dla ceni\u0105cych sobie prywatno\u015b\u0107 samodzielny domek.<\/p>\n<div class=\"fusion-button-wrapper fusion-alignleft\"><style type=\"text\/css\" scoped=\"scoped\">.fusion-button.button-1{border-width:0px;color:#ffffff;border-color:#ffffff;}.fusion-button.button-1:hover,.fusion-button.button-1:focus,.fusion-button.button-1:active{border-width:0px;border-color:#ffffff;color:#ffffff;}.fusion-button.button-1{background: #ea9044;}.fusion-button.button-1:hover,.button-1:focus,.fusion-button.button-1:active{background: #ea9044;}<\/style><a class=\"fusion-button button-flat button-square button-large button-custom button-1\" target=\"_self\" href=\"\/o-nas\/\"><span class=\"fusion-button-text\">WI\u0118CEJ O NAS<\/span><\/a><\/div>\n<\/div><\/div><div class=\"fusion-one-third one_third fusion-layout-column fusion-spacing-yes main-yt-wrapper\" style=\"margin-top:0px;margin-bottom:20px;\"><div class=\"fusion-column-wrapper\" style=\"padding:10px;\"><div class=\"fusion-video fusion-youtube\" style=\"max-width:600px;max-height:350px;\"><div class=\"video-shortcode\"><iframe title=\"YouTube video player\" src=\"http:\/\/www.youtube.com\/embed\/ic23YacH_X8?wmode=transparent\" width=\"600\" height=\"350\" frameborder=\"0\" allowfullscreen><\/iframe><\/div><\/div><\/div><\/div><div class=\"fusion-one-sixth fusion-layout-column fusion-column-last fusion-spacing-yes fusion-hide-on-mobile\" style=\"margin-top:0px;margin-bottom:20px;\"><div class=\"fusion-column-wrapper\"><span style=\"margin-right:25px;float:left;\" class=\"fusion-imageframe imageframe-none imageframe-5 main-ornament-img fusion-hide-on-mobile\"> <img decoding=\"async\" src=\"http:\/\/usiarosia.pl\/wp-content\/uploads\/2015\/04\/ornament02.png\" alt=\"ornament 02\"><\/span><\/div><\/div><div class=\"fusion-clearfix\"><\/div><\/div><\/div><div class=\"fusion-fullwidth fullwidth-box fusion-parallax-none\" style=\"border-color:#eae9e9;border-bottom-width: 0px;border-top-width: 0px;border-bottom-style: solid;border-top-style: solid;padding-bottom:20px;padding-left:0px;padding-right:0px;padding-top:40px;background-position:left top;background-repeat:no-repeat;-webkit-background-size:cover;-moz-background-size:cover;-o-background-size:cover;background-size:cover;\"><div class=\"fusion-row\"><div class=\"fusion-one-third one_third fusion-layout-column fusion-spacing-yes\" style=\"margin-top:0px;margin-bottom:20px;\"><div class=\"fusion-column-wrapper\"><\/div><\/div><div class=\"fusion-one-third one_third fusion-layout-column fusion-spacing-yes\" style=\"margin-top:0px;margin-bottom:20px;\"><div class=\"fusion-column-wrapper\"><p><img decoding=\"async\" loading=\"lazy\" class=\" size-full wp-image-11808 aligncenter\" src=\"http:\/\/usiarosia.pl\/wp-content\/uploads\/2015\/04\/nasze-zalety.png\" alt=\"nasze-zalety\" width=\"390\" height=\"68\" srcset=\"http:\/\/usiarosia.pl\/wp-content\/uploads\/2015\/04\/nasze-zalety.png 390w, http:\/\/usiarosia.pl\/wp-content\/uploads\/2015\/04\/nasze-zalety-300x52.png 300w\" sizes=\"(max-width: 390px) 100vw, 390px\" \/><\/p>\n<\/div><\/div><div class=\"fusion-one-third one_third fusion-layout-column fusion-column-last fusion-spacing-yes\" style=\"margin-top:0px;margin-bottom:20px;\"><div class=\"fusion-column-wrapper\"><\/div><\/div><div class=\"fusion-clearfix\"><\/div><div class=\"fusion-content-boxes content-boxes columns fusion-columns-5 fusion-content-boxes-1 content-boxes-icon-on-top row content-left\" style=\"margin-top:0px;margin-bottom:0px;\"><div class=\"fusion-column content-box-column col-lg-2 col-md-2 col-sm-2\"><div class=\"col content-wrapper\"><div class=\"heading heading-with-icon icon-left\"><div class=\"image\"><img src=\"http:\/\/usiarosia.pl\/wp-content\/uploads\/2015\/04\/kawa.png\" width=\"120\" height=\"120\" alt=\"\" \/><\/div><h2 class=\"content-box-heading\" style=\"font-size: 18px;line-height:20px;\">KAWA I HERBATA W CENIE<\/h2><\/div><div class=\"fusion-clearfix\"><\/div><div class=\"content-container\"> <\/div><\/div><\/div><div class=\"fusion-column content-box-column col-lg-2 col-md-2 col-sm-2\"><div class=\"col content-wrapper\"><div class=\"heading heading-with-icon icon-left\"><div class=\"image\"><img src=\"http:\/\/usiarosia.pl\/wp-content\/uploads\/2015\/04\/zabawki.png\" width=\"120\" height=\"120\" alt=\"\" \/><\/div><h2 class=\"content-box-heading\" style=\"font-size: 18px;line-height:20px;\">GRY I ZABAWKI DLA DZIECI<\/h2><\/div><div class=\"fusion-clearfix\"><\/div><div class=\"content-container\"> <\/div><\/div><\/div><div class=\"fusion-column content-box-column col-lg-2 col-md-2 col-sm-2\"><div class=\"col content-wrapper\"><div class=\"heading heading-with-icon icon-left\"><div class=\"image\"><img src=\"http:\/\/usiarosia.pl\/wp-content\/uploads\/2015\/04\/kominek.png\" width=\"120\" height=\"120\" alt=\"\" \/><\/div><h2 class=\"content-box-heading\" style=\"font-size: 18px;line-height:20px;\">SALA<br \/>\nKOMINKOWA<\/h2><\/div><div class=\"fusion-clearfix\"><\/div><div class=\"content-container\"> <\/div><\/div><\/div><div class=\"fusion-column content-box-column col-lg-2 col-md-2 col-sm-2\"><div class=\"col content-wrapper\"><div class=\"heading heading-with-icon icon-left\"><div class=\"image\"><img src=\"http:\/\/usiarosia.pl\/wp-content\/uploads\/2015\/04\/plac-zabaw.png\" width=\"120\" height=\"120\" alt=\"\" \/><\/div><h2 class=\"content-box-heading\" style=\"font-size: 18px;line-height:20px;\">OGR\u00d3D Z PLACEM ZABAW<\/h2><\/div><div class=\"fusion-clearfix\"><\/div><div class=\"content-container\"> <\/div><\/div><\/div><div class=\"fusion-column content-box-column col-lg-2 col-md-2 col-sm-2\"><div class=\"col content-wrapper\"><div class=\"heading heading-with-icon icon-left\"><div class=\"image\"><img src=\"http:\/\/usiarosia.pl\/wp-content\/uploads\/2015\/04\/zwierzeta.png\" width=\"120\" height=\"120\" alt=\"\" \/><\/div><h2 class=\"content-box-heading\" style=\"font-size: 18px;line-height:20px;\">AKCEPTUJEMY ZWIERZ\u0118TA<\/h2><\/div><div class=\"fusion-clearfix\"><\/div><div class=\"content-container\"> <\/div><\/div><\/div><div class=\"fusion-clearfix\"><\/div><div class=\"fusion-clearfix\"><\/div><\/div><\/div><\/div><div class=\"fusion-fullwidth fullwidth-box fusion-parallax-none\" style=\"border-color:#eae9e9;border-bottom-width: 0px;border-top-width: 0px;border-bottom-style: solid;border-top-style: solid;padding-bottom:20px;padding-left:0px;padding-right:0px;padding-top:40px;background-color:#f1eada;background-position:left top;background-repeat:no-repeat;-webkit-background-size:cover;-moz-background-size:cover;-o-background-size:cover;background-size:cover;\"><div class=\"fusion-row\"><div class=\"fusion-three-fifth fusion-layout-column fusion-spacing-yes\" style=\"margin-top:0px;margin-bottom:20px;\"><div class=\"fusion-column-wrapper\"><span style=\"margin-right:25px;float:left;\" class=\"fusion-imageframe imageframe-none imageframe-6 fusion-animated\" data-animationType=\"zoomIn\" data-animationDuration=\"0.1\"> <img decoding=\"async\" src=\"http:\/\/usiarosia.pl\/wp-content\/uploads\/2015\/04\/goralska-atmosfera-napis2.png\" alt=\"Nasze panoramy\"><\/span><\/div><\/div><div class=\"fusion-two-fifth fusion-layout-column fusion-column-last fusion-spacing-yes\" style=\"margin-top:20px;margin-bottom:20px;\"><div class=\"fusion-column-wrapper\"><div class=\"fusion-button-wrapper fusion-aligncenter\"><style type=\"text\/css\" scoped=\"scoped\">.fusion-button.button-2{border-width:0px;color:#ffffff;border-color:#ffffff;}.fusion-button.button-2:hover,.fusion-button.button-2:focus,.fusion-button.button-2:active{border-width:0px;border-color:#784910;color:#784910;}.fusion-button.button-2{background: #ea9044;}.fusion-button.button-2:hover,.button-2:focus,.fusion-button.button-2:active{background: #ea9044;}<\/style><a class=\"fusion-button button-flat button-square button-xlarge button-custom button-2\" target=\"_self\" href=\"\/galeria\/panoramy\/\"><span class=\"fusion-button-text\">ZOBACZ NASZE PANORAMY<\/span><i class=\"fa fa-chevron-right button-icon-right\"><\/i><\/a><\/div><\/div><\/div><div class=\"fusion-clearfix\"><\/div><\/div><\/div><div class=\"fusion-fullwidth fullwidth-box fusion-parallax-none\" style=\"border-color:#eae9e9;border-bottom-width: 0px;border-top-width: 0px;border-bottom-style: solid;border-top-style: solid;padding-bottom:20px;padding-left:0px;padding-right:0px;padding-top:40px;background-position:left top;background-repeat:no-repeat;-webkit-background-size:cover;-moz-background-size:cover;-o-background-size:cover;background-size:cover;\"><div class=\"fusion-row\"><div class=\"fusion-one-third one_third fusion-layout-column fusion-spacing-yes\" style=\"margin-top:0px;margin-bottom:20px;\"><div class=\"fusion-column-wrapper\"><\/div><\/div><div class=\"fusion-one-third one_third fusion-layout-column fusion-spacing-yes\" style=\"margin-top:0px;margin-bottom:20px;\"><div class=\"fusion-column-wrapper\"><p style=\"text-align: center;\"><a href=\"\/galeria\/zdjecia\/\"><img decoding=\"async\" loading=\"lazy\" class=\"alignnone size-full wp-image-11804\" src=\"http:\/\/usiarosia.pl\/wp-content\/uploads\/2015\/04\/galeria.png\" alt=\"galeria\" width=\"318\" height=\"68\" srcset=\"http:\/\/usiarosia.pl\/wp-content\/uploads\/2015\/04\/galeria.png 318w, http:\/\/usiarosia.pl\/wp-content\/uploads\/2015\/04\/galeria-300x64.png 300w\" sizes=\"(max-width: 318px) 100vw, 318px\" \/><\/a><\/p>\n<\/div><\/div><div class=\"fusion-one-third one_third fusion-layout-column fusion-column-last fusion-spacing-yes\" style=\"margin-top:0px;margin-bottom:20px;\"><div class=\"fusion-column-wrapper\"><\/div><\/div><div class=\"fusion-clearfix\"><\/div><div class=\"fusion-one-third one_third fusion-layout-column fusion-spacing-yes\" style=\"margin-top:0px;margin-bottom:20px;\"><div class=\"fusion-column-wrapper\"><div class=\"imageframe-align-center\"><span class=\"fusion-imageframe imageframe-none imageframe-7\"><a href=\"http:\/\/usiarosia.pl\/wp-content\/uploads\/2022\/05\/1-30.jpg\" class=\"lightbox-shortcode\" data-rel=\"iLightbox[69e772b3167ab]\"> <img decoding=\"async\" src=\"http:\/\/usiarosia.pl\/wp-content\/uploads\/2022\/05\/1-30.jpg\" alt=\"\"><\/a><\/span><\/div><\/div><\/div><div class=\"fusion-one-third one_third fusion-layout-column fusion-spacing-yes\" style=\"margin-top:0px;margin-bottom:20px;\"><div class=\"fusion-column-wrapper\"><div class=\"imageframe-align-center\"><span class=\"fusion-imageframe imageframe-none imageframe-8\"><a href=\"http:\/\/usiarosia.pl\/wp-content\/uploads\/2022\/05\/1_IMG_20200722_192416_458.jpg\" class=\"lightbox-shortcode\" data-rel=\"iLightbox[69e772b318471]\" data-title=\"1_IMG_20200722_192416_458\"> <img decoding=\"async\" src=\"http:\/\/usiarosia.pl\/wp-content\/uploads\/2022\/05\/1_IMG_20200722_192416_458.jpg\" alt=\"\"><\/a><\/span><\/div><\/div><\/div><div class=\"fusion-one-third one_third fusion-layout-column fusion-column-last fusion-spacing-yes\" style=\"margin-top:0px;margin-bottom:20px;\"><div class=\"fusion-column-wrapper\"><div class=\"imageframe-align-center\"><span class=\"fusion-imageframe imageframe-none imageframe-9\"><a href=\"http:\/\/usiarosia.pl\/wp-content\/uploads\/2022\/05\/20150801_135710.jpg\" class=\"lightbox-shortcode\" data-rel=\"iLightbox[69e772b31a116]\"> <img decoding=\"async\" src=\"http:\/\/usiarosia.pl\/wp-content\/uploads\/2022\/05\/20150801_135710.jpg\" alt=\"\"><\/a><\/span><\/div><\/div><\/div><div class=\"fusion-clearfix\"><\/div><div class=\"fusion-one-third one_third fusion-layout-column fusion-spacing-yes\" style=\"margin-top:0px;margin-bottom:20px;\"><div class=\"fusion-column-wrapper\"><div class=\"imageframe-align-center\"><span class=\"fusion-imageframe imageframe-none imageframe-10\"><a href=\"http:\/\/usiarosia.pl\/wp-content\/uploads\/2022\/05\/1_IMG_20210624_191350_153.jpg\" class=\"lightbox-shortcode\" data-rel=\"iLightbox[69e772b31be38]\"> <img decoding=\"async\" src=\"http:\/\/usiarosia.pl\/wp-content\/uploads\/2022\/05\/1_IMG_20210624_191350_153.jpg\" alt=\"\"><\/a><\/span><\/div><\/div><\/div><div class=\"fusion-one-third one_third fusion-layout-column fusion-spacing-yes\" style=\"margin-top:0px;margin-bottom:20px;\"><div class=\"fusion-column-wrapper\"><div class=\"imageframe-align-center\"><span class=\"fusion-imageframe imageframe-none imageframe-11\"><a href=\"http:\/\/usiarosia.pl\/wp-content\/uploads\/2022\/05\/IMG_20220224_210731_BURST01_COVER.jpg\" class=\"lightbox-shortcode\" data-rel=\"iLightbox[69e772b31dd92]\" data-title=\"IMG_20220224_210731_BURST01_COVER\"> <img decoding=\"async\" src=\"http:\/\/usiarosia.pl\/wp-content\/uploads\/2022\/05\/IMG_20220224_210731_BURST01_COVER.jpg\" alt=\"\"><\/a><\/span><\/div><\/div><\/div><div class=\"fusion-one-third one_third fusion-layout-column fusion-column-last fusion-spacing-yes\" style=\"margin-top:0px;margin-bottom:20px;\"><div class=\"fusion-column-wrapper\"><div class=\"imageframe-align-center\"><span class=\"fusion-imageframe imageframe-none imageframe-12\"><a href=\"http:\/\/usiarosia.pl\/wp-content\/uploads\/2022\/05\/20220119_142759.jpg\" class=\"lightbox-shortcode\" data-rel=\"iLightbox[69e772b31f9fe]\" data-caption=\"CREATOR: gd-jpeg v1.0 (using IJG JPEG v62), quality = 87\" data-title=\"CREATOR: gd-jpeg v1.0 (using IJG JPEG v62), quality = 87\"> <img decoding=\"async\" src=\"http:\/\/usiarosia.pl\/wp-content\/uploads\/2022\/05\/20220119_142759.jpg\" alt=\"\"><\/a><\/span><\/div><\/div><\/div><div class=\"fusion-clearfix\"><\/div><div class=\"fusion-one-sixth fusion-layout-column fusion-spacing-yes\" style=\"margin-top:0px;margin-bottom:20px;\"><div class=\"fusion-column-wrapper\"><\/div><\/div><div class=\"fusion-two-third fusion-layout-column fusion-spacing-yes\" style=\"margin-top:0px;margin-bottom:20px;\"><div class=\"fusion-column-wrapper\"><div class=\"fusion-column-table\"><div class=\"fusion-column-tablecell\"><div class=\"fusion-video fusion-youtube\" style=\"max-width:900px;max-height:500px;\"><div class=\"video-shortcode\"><iframe title=\"YouTube video player\" src=\"http:\/\/www.youtube.com\/embed\/E-tz9z9G-Iw?wmode=transparentshowinfo=0\" width=\"900\" height=\"500\" frameborder=\"0\" allowfullscreen><\/iframe><\/div><\/div><\/div><\/div><\/div><\/div><div class=\"fusion-one-sixth fusion-layout-column fusion-column-last fusion-spacing-yes\" style=\"margin-top:0px;margin-bottom:20px;\"><div class=\"fusion-column-wrapper\"><\/div><\/div><div class=\"fusion-clearfix\"><\/div><\/div><\/div><div class=\"fusion-fullwidth fullwidth-box fusion-parallax-none\" style=\"border-color:#eae9e9;border-bottom-width: 0px;border-top-width: 0px;border-bottom-style: solid;border-top-style: solid;padding-bottom:20px;padding-left:0px;padding-right:0px;padding-top:40px;background-color:#f1eada;background-position:left top;background-repeat:no-repeat;-webkit-background-size:cover;-moz-background-size:cover;-o-background-size:cover;background-size:cover;\"><div class=\"fusion-row\"><div class=\"fusion-one-fourth fusion-layout-column fusion-spacing-yes\" style=\"margin-top:0px;margin-bottom:20px;\"><div class=\"fusion-column-wrapper\"><div class=\"imageframe-align-center\"><span class=\"fusion-imageframe imageframe-none imageframe-13\"> <img decoding=\"async\" src=\"http:\/\/usiarosia.pl\/wp-content\/uploads\/2015\/04\/gorki01.png\" alt=\"\"><\/span><\/div><\/div><\/div><div class=\"fusion-one-half fusion-layout-column fusion-spacing-yes\" style=\"margin-top:20px;margin-bottom:20px;\"><div class=\"fusion-column-wrapper\"><div class=\"fusion-button-wrapper fusion-aligncenter\"><style type=\"text\/css\" scoped=\"scoped\">.fusion-button.button-3{border-width:0px;color:#ffffff;border-color:#ffffff;}.fusion-button.button-3:hover,.fusion-button.button-3:focus,.fusion-button.button-3:active{border-width:0px;border-color:#784910;color:#784910;}.fusion-button.button-3{background: #ea9044;}.fusion-button.button-3:hover,.button-3:focus,.fusion-button.button-3:active{background: #ea9044;}<\/style><a class=\"fusion-button button-flat button-square button-xlarge button-custom button-3\" target=\"_self\" href=\"\/kontakt-i-rezerwacja\"><span class=\"fusion-button-text\">REZERWUJ TERAZ<\/span><i class=\"fa fa-chevron-right button-icon-right\"><\/i><\/a><\/div><\/div><\/div><div class=\"fusion-one-fourth fusion-layout-column fusion-column-last fusion-spacing-yes\" style=\"margin-top:0px;margin-bottom:20px;\"><div class=\"fusion-column-wrapper\"><div class=\"imageframe-align-center\"><span class=\"fusion-imageframe imageframe-none imageframe-14\"> <img decoding=\"async\" src=\"http:\/\/usiarosia.pl\/wp-content\/uploads\/2015\/04\/gorki01.png\" alt=\"\"><\/span><\/div><\/div><\/div><div class=\"fusion-clearfix\"><\/div><\/div><\/div>\n","protected":false},"excerpt":{"rendered":"","protected":false},"author":2,"featured_media":0,"parent":0,"menu_order":0,"comment_status":"open","ping_status":"open","template":"100-width.php","meta":{"ngg_post_thumbnail":0,"spay_email":""},"jetpack_sharing_enabled":true,"jetpack_shortlink":"https:\/\/wp.me\/P67Dl8-3ku","_links":{"self":[{"href":"http:\/\/usiarosia.pl\/de\/wp-json\/wp\/v2\/pages\/12802"}],"collection":[{"href":"http:\/\/usiarosia.pl\/de\/wp-json\/wp\/v2\/pages"}],"about":[{"href":"http:\/\/usiarosia.pl\/de\/wp-json\/wp\/v2\/types\/page"}],"author":[{"embeddable":true,"href":"http:\/\/usiarosia.pl\/de\/wp-json\/wp\/v2\/users\/2"}],"replies":[{"embeddable":true,"href":"http:\/\/usiarosia.pl\/de\/wp-json\/wp\/v2\/comments?post=12802"}],"version-history":[{"count":27,"href":"http:\/\/usiarosia.pl\/de\/wp-json\/wp\/v2\/pages\/12802\/revisions"}],"predecessor-version":[{"id":13776,"href":"http:\/\/usiarosia.pl\/de\/wp-json\/wp\/v2\/pages\/12802\/revisions\/13776"}],"wp:attachment":[{"href":"http:\/\/usiarosia.pl\/de\/wp-json\/wp\/v2\/media?parent=12802"}],"curies":[{"name":"wp","href":"https:\/\/api.w.org\/{rel}","templated":true}]}}